{"id":31625,"date":"2024-06-21T16:50:18","date_gmt":"2024-06-21T14:50:18","guid":{"rendered":"https:\/\/final6.ch\/?page_id=31625"},"modified":"2024-06-24T21:34:24","modified_gmt":"2024-06-24T19:34:24","slug":"cours-de-competences-en-cyclocross-4","status":"publish","type":"page","link":"https:\/\/final6.ch\/fr\/cours-de-competences-en-cyclocross-4\/","title":{"rendered":"Positionnement a\u00e9rodynamique"},"content":{"rendered":"<p>[et_pb_section fb_built=\u00a0\u00bb1&Prime; _builder_version=\u00a0\u00bb4.19.2&Prime; _module_preset=\u00a0\u00bbdefault\u00a0\u00bb min_height=\u00a0\u00bb1580.3px\u00a0\u00bb global_colors_info=\u00a0\u00bb{}\u00a0\u00bb][et_pb_row column_structure=\u00a0\u00bb1_2,1_2&Prime; module_class=\u00a0\u00bbbn-ligne-center\u00a0\u00bb _builder_version=\u00a0\u00bb4.19.2&Prime; _module_preset=\u00a0\u00bbdefault\u00a0\u00bb global_colors_info=\u00a0\u00bb{}\u00a0\u00bb custom_css_main_element_last_edited=\u00a0\u00bbon|phone\u00a0\u00bb][et_pb_column type=\u00a0\u00bb1_2&Prime; _builder_version=\u00a0\u00bb4.19.2&Prime; _module_preset=\u00a0\u00bbdefault\u00a0\u00bb global_colors_info=\u00a0\u00bb{}\u00a0\u00bb][et_pb_text _builder_version=\u00a0\u00bb4.24.2&Prime; _module_preset=\u00a0\u00bbdefault\u00a0\u00bb header_4_text_color=\u00a0\u00bbgcid-2e1a5f1c-16dd-460e-a2f3-862923a2dece\u00a0\u00bb header_6_text_color=\u00a0\u00bbgcid-f2e8ad1b-fd9b-4f08-be8a-b223dc31a158&Prime; global_colors_info=\u00a0\u00bb{%22gcid-f2e8ad1b-fd9b-4f08-be8a-b223dc31a158%22:%91%22header_6_text_color%22%93,%22gcid-2e1a5f1c-16dd-460e-a2f3-862923a2dece%22:%91%22header_4_text_color%22%93}\u00a0\u00bb]<\/p>\n<h1>Positionnement a\u00e9rodynamique<\/h1>\n<h4><\/h4>\n<h4>Transformez votre cyclisme, maximisez votre vitesse<\/h4>\n<p>En tant que cycliste, vous savez que chaque seconde compte. Que vous participiez \u00e0 un contre-la-montre, que vous recherchiez un nouveau record personnel ou que vous recherchiez simplement une conduite plus fluide et plus efficace, la configuration de votre v\u00e9lo joue un r\u00f4le crucial dans vos performances.<\/p>\n<p>Pr\u00e9sentation de notre service Aero Positioning : une approche r\u00e9volutionnaire pour optimiser votre v\u00e9lo pour une efficacit\u00e9 a\u00e9rodynamique maximale et une vitesse in\u00e9gal\u00e9e.<\/p>\n<h4>Pourquoi le positionnement a\u00e9ronautique est important<\/h4>\n<p>L&rsquo;a\u00e9rodynamisme peut repr\u00e9senter jusqu&rsquo;\u00e0 90 % de la r\u00e9sistance qu&rsquo;un cycliste rencontre \u00e0 grande vitesse. Une position a\u00e9rodynamique bien r\u00e9gl\u00e9e minimise la tra\u00een\u00e9e, vous permettant de fendre les airs avec moins d&rsquo;effort. Cela signifie des vitesses plus \u00e9lev\u00e9es, une fatigue r\u00e9duite et des performances globales am\u00e9lior\u00e9es. Mais atteindre la position a\u00e9rodynamique parfaite est une science qui n\u00e9cessite des ajustements pr\u00e9cis et des connaissances expertes.<\/p>\n<h4>Notre service complet de configuration de positionnement a\u00e9ronautique<\/h4>\n<ol>\n<li><strong>\u00c9valuation personnalis\u00e9e<\/strong> : Nous commen\u00e7ons par une analyse approfondie de votre configuration actuelle de v\u00e9lo et de votre style de conduite. Nous \u00e9valuons votre position sur le v\u00e9lo pour identifier les points \u00e0 am\u00e9liorer.<\/li>\n<li><strong>Ajustements personnalis\u00e9s<\/strong> : nos experts affineront la g\u00e9om\u00e9trie de votre v\u00e9lo, y compris la hauteur de la selle, la position du guidon et la posture g\u00e9n\u00e9rale. Ces ajustements sont adapt\u00e9s \u00e0 la m\u00e9canique de votre carrosserie, garantissant un confort sans compromettre l&rsquo;a\u00e9rodynamisme.<\/li>\n<li><strong>Technologie de pointe <\/strong> : nous utilisons la technologie Aero Coach qui nous permet de trouver la configuration optimale qui maximise votre avantage a\u00e9rodynamique tout en maintenant la puissance et le confort.<\/li>\n<li><strong>Tests de performances <\/strong> : apr\u00e8s ajustements, nous effectuons des tests de performances pour mesurer l\u2019impact de la nouvelle configuration. Nous fournissons des commentaires d\u00e9taill\u00e9s et affinons davantage le poste si n\u00e9cessaire pour garantir que vous obteniez les meilleurs r\u00e9sultats possibles.<\/li>\n<li><strong>Support continu <\/strong> : le positionnement a\u00e9rien n&rsquo;est pas un \u00e9v\u00e9nement ponctuel. Au fur et \u00e0 mesure que vous progressez et vous adaptez \u00e0 votre nouvelle configuration, notre \u00e9quipe est disponible pour des sessions de suivi afin d&rsquo;apporter des modifications suppl\u00e9mentaires et d&rsquo;assurer des am\u00e9liorations durables des performances.<\/li>\n<\/ol>\n<h4>Les avantages dont vous b\u00e9n\u00e9ficierez<\/h4>\n<ul>\n<li><strong>Vitesse accrue <\/strong> : atteignez des vitesses plus \u00e9lev\u00e9es avec moins d&rsquo;effort, vous donnant ainsi un avantage concurrentiel dans les courses et les contre-la-montre.<\/li>\n<li><strong>Endurance am\u00e9lior\u00e9e <\/strong> : la tra\u00een\u00e9e a\u00e9rodynamique r\u00e9duite signifie que vous \u00e9conomisez plus d&rsquo;\u00e9nergie, ce qui vous permet de rouler plus longtemps et plus fort.<\/li>\n<li><strong>Confort optimal <\/strong> : notre configuration garantit que vous maintenez une position confortable, r\u00e9duisant ainsi la tension et le risque de blessure lors de longs trajets.<\/li>\n<li><strong>R\u00e9sultats prouv\u00e9s<\/strong> : les cyclistes qui ont suivi notre configuration de positionnement a\u00e9rodynamique signalent des am\u00e9liorations significatives de leurs mesures de performance.<\/li>\n<\/ul>\n<p>Ne laissez pas un a\u00e9rodynamisme sous-optimal vous retenir. \u00c9levez vos performances cyclistes vers de nouveaux sommets gr\u00e2ce \u00e0 notre service sp\u00e9cialis\u00e9.<\/p>\n<h4>R\u00e9servez votre s\u00e9ance aujourd&rsquo;hui<\/h4>\n<p>Pr\u00eat \u00e0 transformer votre trajet ? Contactez-nous d\u00e8s aujourd\u2019hui pour planifier votre s\u00e9ance personnalis\u00e9e de configuration d\u2019Aero Positioning. D\u00e9couvrez la diff\u00e9rence que l&rsquo;a\u00e9rodynamisme expert peut faire et lib\u00e9rez tout votre potentiel cycliste.<\/p>\n<p>[\/et_pb_text][\/et_pb_column][et_pb_column type=\u00a0\u00bb1_2&Prime; _builder_version=\u00a0\u00bb4.19.2&Prime; _module_preset=\u00a0\u00bbdefault\u00a0\u00bb global_colors_info=\u00a0\u00bb{}\u00a0\u00bb][et_pb_image src=\u00a0\u00bbhttps:\/\/final6.ch\/wp-content\/uploads\/2024\/06\/Aero-Coach-5-scaled.jpg\u00a0\u00bb title_text=\u00a0\u00bbAero Coach 5&Prime; align=\u00a0\u00bbcenter\u00a0\u00bb _builder_version=\u00a0\u00bb4.24.2&Prime; _module_preset=\u00a0\u00bbdefault\u00a0\u00bb max_width=\u00a0\u00bb100%\u00a0\u00bb hover_enabled=\u00a0\u00bb0&Prime; box_shadow_style=\u00a0\u00bbpreset4&Prime; box_shadow_horizontal=\u00a0\u00bb20px\u00a0\u00bb box_shadow_vertical=\u00a0\u00bb20px\u00a0\u00bb box_shadow_color=\u00a0\u00bbRGBA(255,255,255,0)\u00a0\u00bb global_colors_info=\u00a0\u00bb{}\u00a0\u00bb height=\u00a0\u00bb291px\u00a0\u00bb max_height=\u00a0\u00bb425px\u00a0\u00bb min_height=\u00a0\u00bb100px\u00a0\u00bb sticky_enabled=\u00a0\u00bb0&Prime;][\/et_pb_image][et_pb_image src=\u00a0\u00bbhttps:\/\/final6.ch\/wp-content\/uploads\/2024\/06\/Aero-Coach-1-scaled.jpg\u00a0\u00bb title_text=\u00a0\u00bbAero Coach 1&Prime; align=\u00a0\u00bbcenter\u00a0\u00bb _builder_version=\u00a0\u00bb4.24.2&Prime; _module_preset=\u00a0\u00bbdefault\u00a0\u00bb width=\u00a0\u00bb100%\u00a0\u00bb max_width=\u00a0\u00bb77%\u00a0\u00bb box_shadow_style=\u00a0\u00bbpreset4&Prime; box_shadow_horizontal=\u00a0\u00bb20px\u00a0\u00bb box_shadow_vertical=\u00a0\u00bb20px\u00a0\u00bb box_shadow_color=\u00a0\u00bbRGBA(255,255,255,0)\u00a0\u00bb global_colors_info=\u00a0\u00bb{}\u00a0\u00bb][\/et_pb_image][\/et_pb_column][\/et_pb_row][et_pb_row _builder_version=\u00a0\u00bb4.24.2&Prime; _module_preset=\u00a0\u00bbdefault\u00a0\u00bb global_colors_info=\u00a0\u00bb{}\u00a0\u00bb][et_pb_column type=\u00a0\u00bb4_4&Prime; _builder_version=\u00a0\u00bb4.24.2&Prime; _module_preset=\u00a0\u00bbdefault\u00a0\u00bb global_colors_info=\u00a0\u00bb{}\u00a0\u00bb][et_pb_button button_url=\u00a0\u00bb@ET-DC@eyJkeW5hbWljIjp0cnVlLCJjb250ZW50IjoicG9zdF9saW5rX3VybF9wYWdlIiwic2V0dGluZ3MiOnsicG9zdF9pZCI6IjQ1In19@\u00a0\u00bb button_text=\u00a0\u00bbCONTACT\u00a0\u00bb _builder_version=\u00a0\u00bb4.24.2&Prime; _dynamic_attributes=\u00a0\u00bbbutton_url\u00a0\u00bb _module_preset=\u00a0\u00bbdefault\u00a0\u00bb global_colors_info=\u00a0\u00bb{}\u00a0\u00bb][\/et_pb_button][\/et_pb_column][\/et_pb_row][\/et_pb_section][et_pb_section fb_built=\u00a0\u00bb1&Prime; _builder_version=\u00a0\u00bb4.19.2&Prime; _module_preset=\u00a0\u00bbdefault\u00a0\u00bb global_colors_info=\u00a0\u00bb{}\u00a0\u00bb][et_pb_row _builder_version=\u00a0\u00bb4.19.2&Prime; _module_preset=\u00a0\u00bbdefault\u00a0\u00bb global_colors_info=\u00a0\u00bb{}\u00a0\u00bb][et_pb_column type=\u00a0\u00bb4_4&Prime; _builder_version=\u00a0\u00bb4.19.2&Prime; _module_preset=\u00a0\u00bbdefault\u00a0\u00bb global_colors_info=\u00a0\u00bb{}\u00a0\u00bb][et_pb_text _builder_version=\u00a0\u00bb4.22.0&Prime; _module_preset=\u00a0\u00bbdefault\u00a0\u00bb global_colors_info=\u00a0\u00bb{}\u00a0\u00bb]<\/p>\n<h2 style=\"text-align: center;\">Nos prochains cours<\/h2>\n<p>[\/et_pb_text][mecdivi_MECShortcodes shortcode_id=\u00a0\u00bb29148&Prime; _builder_version=\u00a0\u00bb4.20.2&Prime; _module_preset=\u00a0\u00bbdefault\u00a0\u00bb global_colors_info=\u00a0\u00bb{}\u00a0\u00bb][\/mecdivi_MECShortcodes][\/et_pb_column][\/et_pb_row][\/et_pb_section][et_pb_section fb_built=\u00a0\u00bb1&Prime; _builder_version=\u00a0\u00bb4.19.2&Prime; _module_preset=\u00a0\u00bbdefault\u00a0\u00bb global_colors_info=\u00a0\u00bb{}\u00a0\u00bb][et_pb_row _builder_version=\u00a0\u00bb4.19.2&Prime; _module_preset=\u00a0\u00bbdefault\u00a0\u00bb global_colors_info=\u00a0\u00bb{}\u00a0\u00bb][et_pb_column type=\u00a0\u00bb4_4&Prime; _builder_version=\u00a0\u00bb4.19.2&Prime; _module_preset=\u00a0\u00bbdefault\u00a0\u00bb global_colors_info=\u00a0\u00bb{}\u00a0\u00bb][et_pb_text _builder_version=\u00a0\u00bb4.22.0&Prime; _module_preset=\u00a0\u00bbdefault\u00a0\u00bb global_colors_info=\u00a0\u00bb{}\u00a0\u00bb]<\/p>\n<h2 style=\"text-align: center;\">D\u00e9couvrez nos services<\/h2>\n<p>[\/et_pb_text][\/et_pb_column][\/et_pb_row][et_pb_row column_structure=\u00a0\u00bb1_3,1_3,1_3&Prime; _builder_version=\u00a0\u00bb4.22.0&Prime; _module_preset=\u00a0\u00bbdefault\u00a0\u00bb global_module=\u00a0\u00bb29295&Prime; saved_tabs=\u00a0\u00bball\u00a0\u00bb global_colors_info=\u00a0\u00bb{}\u00a0\u00bb][et_pb_column type=\u00a0\u00bb1_3&Prime; _builder_version=\u00a0\u00bb4.19.2&Prime; _module_preset=\u00a0\u00bbdefault\u00a0\u00bb global_colors_info=\u00a0\u00bb{}\u00a0\u00bb][et_pb_blurb title=\u00a0\u00bbCours de comp\u00e9tences en VTT\u00a0\u00bb image=\u00a0\u00bbhttps:\/\/final6.ch\/wp-content\/uploads\/2023\/12\/Vtt-Forest.jpeg\u00a0\u00bb module_class=\u00a0\u00bbservice-cards\u00a0\u00bb _builder_version=\u00a0\u00bb4.22.0&Prime; _dynamic_attributes=\u00a0\u00bblink_option_url\u00a0\u00bb _module_preset=\u00a0\u00bbdefault\u00a0\u00bb header_level=\u00a0\u00bbh3&Prime; header_text_align=\u00a0\u00bbleft\u00a0\u00bb header_text_color=\u00a0\u00bbgcid-f2e8ad1b-fd9b-4f08-be8a-b223dc31a158&Prime; body_text_color=\u00a0\u00bbgcid-f2e8ad1b-fd9b-4f08-be8a-b223dc31a158&Prime; background_color=\u00a0\u00bbgcid-2e1a5f1c-16dd-460e-a2f3-862923a2dece\u00a0\u00bb height=\u00a0\u00bb700px\u00a0\u00bb custom_padding=\u00a0\u00bb||||false|false\u00a0\u00bb link_option_url=\u00a0\u00bb@ET-DC@eyJkeW5hbWljIjp0cnVlLCJjb250ZW50IjoicG9zdF9saW5rX3VybF9wYWdlIiwic2V0dGluZ3MiOnsicG9zdF9pZCI6IjI5OTYyIn19@\u00a0\u00bb global_colors_info=\u00a0\u00bb{%22gcid-2e1a5f1c-16dd-460e-a2f3-862923a2dece%22:%91%22background_color%22%93,%22gcid-f2e8ad1b-fd9b-4f08-be8a-b223dc31a158%22:%91%22header_text_color%22,%22body_text_color%22%93}\u00a0\u00bb]<\/p>\n<p>Lib\u00e9rez votre potentiel de VTT avec Final6<\/p>\n<p>Embarquez dans un voyage exaltant pour conqu\u00e9rir les sentiers et \u00e9lever vos comp\u00e9tences en VTT avec Final6.<\/p>\n<p><span>Pr\u00e9parez-vous pour une aventure passionnante, conqu\u00e9rir les terrains difficiles et devenir le motard que vous aspirez toujours \u00e0 \u00eatre avec final6. <\/span><\/p>\n<p><span>Passons aux sentiers ensemble.<\/span><\/p>\n<p style=\"text-align: left;\"><strong><span style=\"text-decoration: underline;\">Plus d&rsquo;information<\/span><\/strong><\/p>\n<p>[\/et_pb_blurb][et_pb_blurb title=\u00a0\u00bbServices de coaching\u00a0\u00bb image=\u00a0\u00bbhttps:\/\/final6.ch\/wp-content\/uploads\/2023\/12\/Performance.jpeg\u00a0\u00bb module_class=\u00a0\u00bbservice-cards\u00a0\u00bb _builder_version=\u00a0\u00bb4.22.0&Prime; _dynamic_attributes=\u00a0\u00bblink_option_url\u00a0\u00bb _module_preset=\u00a0\u00bbdefault\u00a0\u00bb header_level=\u00a0\u00bbh3&Prime; header_text_align=\u00a0\u00bbleft\u00a0\u00bb header_text_color=\u00a0\u00bbgcid-f2e8ad1b-fd9b-4f08-be8a-b223dc31a158&Prime; body_text_color=\u00a0\u00bbgcid-f2e8ad1b-fd9b-4f08-be8a-b223dc31a158&Prime; background_color=\u00a0\u00bbgcid-2e1a5f1c-16dd-460e-a2f3-862923a2dece\u00a0\u00bb height=\u00a0\u00bb700px\u00a0\u00bb custom_padding=\u00a0\u00bb||||false|false\u00a0\u00bb link_option_url=\u00a0\u00bb@ET-DC@eyJkeW5hbWljIjp0cnVlLCJjb250ZW50IjoicG9zdF9saW5rX3VybF9wYWdlIiwic2V0dGluZ3MiOnsicG9zdF9pZCI6IjMwMzk0In19@\u00a0\u00bb global_colors_info=\u00a0\u00bb{%22gcid-2e1a5f1c-16dd-460e-a2f3-862923a2dece%22:%91%22background_color%22%93,%22gcid-f2e8ad1b-fd9b-4f08-be8a-b223dc31a158%22:%91%22header_text_color%22,%22body_text_color%22%93}\u00a0\u00bb]<\/p>\n<p>Lib\u00e9rez votre potentiel de cyclisme: \u00e9levez vos performances avec Final6.<\/p>\n<p>Bienvenue \u00e0 Final6, o\u00f9 nous nous sp\u00e9cialisons dans le coaching de pr\u00e9cision pour am\u00e9liorer vos performances cyclables dans toutes les disciplines. Que vous soyez un cavalier chevronn\u00e9 ou que vous commenciez, notre \u00e9quipe d&rsquo;entra\u00eeneurs d\u00e9vou\u00e9s est l\u00e0 pour vous guider vers vos objectifs de cyclisme. <span>Pr\u00e9parez-vous \u00e0 l&rsquo;excellence des performances, conqu\u00e9rir de nouveaux sommets et devenir le cycliste que vous avez toujours aspir\u00e9 \u00e0 \u00eatre avec Final6. <\/span><\/p>\n<p><span>Continons \u00e0 des performances de pointe ensemble!<\/span><\/p>\n<p style=\"text-align: left;\"><strong><span style=\"text-decoration: underline;\">Plus d&rsquo;information<\/span><\/strong><\/p>\n<p>[\/et_pb_blurb][\/et_pb_column][et_pb_column type=\u00a0\u00bb1_3&Prime; _builder_version=\u00a0\u00bb4.19.2&Prime; _module_preset=\u00a0\u00bbdefault\u00a0\u00bb global_colors_info=\u00a0\u00bb{}\u00a0\u00bb][et_pb_blurb title=\u00a0\u00bbCours de comp\u00e9tences en route et CLM\u00a0\u00bb image=\u00a0\u00bbhttps:\/\/final6.ch\/wp-content\/uploads\/2023\/05\/markus-spiske-WUehAgqO5hE-unsplash.jpg\u00a0\u00bb module_class=\u00a0\u00bbservice-cards\u00a0\u00bb _builder_version=\u00a0\u00bb4.22.0&Prime; _dynamic_attributes=\u00a0\u00bblink_option_url\u00a0\u00bb _module_preset=\u00a0\u00bbdefault\u00a0\u00bb header_level=\u00a0\u00bbh3&Prime; header_text_align=\u00a0\u00bbleft\u00a0\u00bb header_text_color=\u00a0\u00bbgcid-f2e8ad1b-fd9b-4f08-be8a-b223dc31a158&Prime; body_text_color=\u00a0\u00bbgcid-f2e8ad1b-fd9b-4f08-be8a-b223dc31a158&Prime; background_color=\u00a0\u00bbgcid-2e1a5f1c-16dd-460e-a2f3-862923a2dece\u00a0\u00bb height=\u00a0\u00bb700px\u00a0\u00bb custom_padding=\u00a0\u00bb||||false|false\u00a0\u00bb link_option_url=\u00a0\u00bb@ET-DC@eyJkeW5hbWljIjp0cnVlLCJjb250ZW50IjoicG9zdF9saW5rX3VybF9wYWdlIiwic2V0dGluZ3MiOnsicG9zdF9pZCI6IjMwMjc1In19@\u00a0\u00bb global_colors_info=\u00a0\u00bb{%22gcid-2e1a5f1c-16dd-460e-a2f3-862923a2dece%22:%91%22background_color%22%93,%22gcid-f2e8ad1b-fd9b-4f08-be8a-b223dc31a158%22:%91%22header_text_color%22,%22body_text_color%22%93}\u00a0\u00bb]<\/p>\n<p>Lib\u00e9rez votre vitesse: dominer la route et les contre-la-montre avec final6<\/p>\n<p>\u00cates-vous pr\u00eat \u00e0 quitter la comp\u00e9tition dans la poussi\u00e8re, \u00e0 battre vos dossiers personnels et \u00e0 devenir une puissance sur la route et en contre-la-montre?<\/p>\n<p>Ne cherchez pas plus loin &#8211; Final6 est votre passerelle vers le coaching de pr\u00e9cision adapt\u00e9e au cyclisme sur la route et \u00e0 l&rsquo;excellence en temps d&rsquo;essais.<\/p>\n<p><span>Passons \u00e0 la route et \u00e0 des contre-la-montre ensemble!<\/span><\/p>\n<p style=\"text-align: left;\"><strong><span style=\"text-decoration: underline;\">Plus d&rsquo;information<\/span><\/strong><\/p>\n<p>[\/et_pb_blurb][et_pb_blurb title=\u00a0\u00bbVisites guid\u00e9es\u00a0\u00bb image=\u00a0\u00bbhttps:\/\/final6.ch\/wp-content\/uploads\/2023\/12\/Image-VTT-1.jpeg\u00a0\u00bb module_class=\u00a0\u00bbservice-cards\u00a0\u00bb _builder_version=\u00a0\u00bb4.22.0&Prime; _dynamic_attributes=\u00a0\u00bblink_option_url\u00a0\u00bb _module_preset=\u00a0\u00bbdefault\u00a0\u00bb header_level=\u00a0\u00bbh3&Prime; header_text_align=\u00a0\u00bbleft\u00a0\u00bb header_text_color=\u00a0\u00bbgcid-f2e8ad1b-fd9b-4f08-be8a-b223dc31a158&Prime; body_text_color=\u00a0\u00bbgcid-f2e8ad1b-fd9b-4f08-be8a-b223dc31a158&Prime; background_color=\u00a0\u00bbgcid-2e1a5f1c-16dd-460e-a2f3-862923a2dece\u00a0\u00bb height=\u00a0\u00bb700px\u00a0\u00bb custom_padding=\u00a0\u00bb||||false|false\u00a0\u00bb link_option_url=\u00a0\u00bb@ET-DC@eyJkeW5hbWljIjp0cnVlLCJjb250ZW50IjoicG9zdF9saW5rX3VybF9wYWdlIiwic2V0dGluZ3MiOnsicG9zdF9pZCI6IjMwMzk5In19@\u00a0\u00bb global_colors_info=\u00a0\u00bb{%22gcid-2e1a5f1c-16dd-460e-a2f3-862923a2dece%22:%91%22background_color%22%93,%22gcid-f2e8ad1b-fd9b-4f08-be8a-b223dc31a158%22:%91%22header_text_color%22,%22body_text_color%22%93}\u00a0\u00bb]<\/p>\n<p><strong>Embarquez dans une aventure cycliste: cr\u00e9ez des souvenirs avec Final6!<\/strong><\/p>\n<p>\u00cates-vous pr\u00eat \u00e0 p\u00e9daler \u00e0 travers des paysages pittoresques et \u00e0 cr\u00e9er des souvenirs inoubliables sur deux roues? Bienvenue \u00e0 Final6, o\u00f9 nous nous sp\u00e9cialisons dans la cr\u00e9ation de visites guid\u00e9es un jour qui m\u00e9langent la joie de rouler avec le frisson de l&rsquo;exploration.<\/p>\n<p><span>Que vous soyez un voyageur en solo, un groupe d&rsquo;amis faim d&rsquo;aventure ou d&rsquo;une entreprise \u00e0 la recherche d&rsquo;un \u00e9v\u00e9nement d&rsquo;\u00e9quipe, Final6 vous invite \u00e0 monter, explorer et cr\u00e9er des souvenirs qui dureront toute une vie<\/span><\/p>\n<p style=\"text-align: left;\"><strong><span style=\"text-decoration: underline;\">Plus d&rsquo;information<\/span><\/strong><\/p>\n<p>[\/et_pb_blurb][\/et_pb_column][et_pb_column type=\u00a0\u00bb1_3&Prime; _builder_version=\u00a0\u00bb4.19.2&Prime; _module_preset=\u00a0\u00bbdefault\u00a0\u00bb global_colors_info=\u00a0\u00bb{}\u00a0\u00bb][et_pb_blurb title=\u00a0\u00bbCours de comp\u00e9tences en cyclocross\u00a0\u00bb image=\u00a0\u00bbhttps:\/\/final6.ch\/wp-content\/uploads\/2023\/12\/Cyclocross.jpeg\u00a0\u00bb module_class=\u00a0\u00bbservice-cards\u00a0\u00bb _builder_version=\u00a0\u00bb4.22.0&Prime; _dynamic_attributes=\u00a0\u00bblink_option_url\u00a0\u00bb _module_preset=\u00a0\u00bbdefault\u00a0\u00bb header_level=\u00a0\u00bbh3&Prime; header_text_align=\u00a0\u00bbleft\u00a0\u00bb header_text_color=\u00a0\u00bbgcid-f2e8ad1b-fd9b-4f08-be8a-b223dc31a158&Prime; body_text_color=\u00a0\u00bbgcid-f2e8ad1b-fd9b-4f08-be8a-b223dc31a158&Prime; background_color=\u00a0\u00bbgcid-2e1a5f1c-16dd-460e-a2f3-862923a2dece\u00a0\u00bb height=\u00a0\u00bb700px\u00a0\u00bb custom_padding=\u00a0\u00bb||||false|false\u00a0\u00bb link_option_url=\u00a0\u00bb@ET-DC@eyJkeW5hbWljIjp0cnVlLCJjb250ZW50IjoicG9zdF9saW5rX3VybF9wYWdlIiwic2V0dGluZ3MiOnsicG9zdF9pZCI6IjMwMzkyIn19@\u00a0\u00bb global_colors_info=\u00a0\u00bb{%22gcid-2e1a5f1c-16dd-460e-a2f3-862923a2dece%22:%91%22background_color%22%93,%22gcid-f2e8ad1b-fd9b-4f08-be8a-b223dc31a158%22:%91%22header_text_color%22,%22body_text_color%22%93}\u00a0\u00bb]<\/p>\n<p>Lib\u00e9rez votre potentiel de cyclocross avec Final6.<\/p>\n<p><span>Notre entra\u00eeneur du cyclocross est l\u00e0 pour vous guider \u00e0 travers chaque tournure, virage et obstacle, vous aidant \u00e0 devenir un cyclocross confiant et qualifi\u00e9. <\/span><\/p>\n<p><span>Pr\u00e9parez-vous \u00e0 l&rsquo;excitation, conqu\u00e9rir les obstacles en toute confiance et devenir le cyclocross que vous avez toujours aspir\u00e9 \u00e0 \u00eatre avec Final6. <\/span><\/p>\n<p><span>Passons au cyclocross le cours de cyclocross ensemble.<\/span><\/p>\n<p style=\"text-align: left;\"><strong><span style=\"text-decoration: underline;\">Plus d&rsquo;information<\/span><\/strong><\/p>\n<p>[\/et_pb_blurb][et_pb_blurb title=\u00a0\u00bbCours priv\u00e9s\u00a0\u00bb image=\u00a0\u00bbhttps:\/\/final6.ch\/wp-content\/uploads\/2023\/12\/private-coaching.jpeg\u00a0\u00bb module_class=\u00a0\u00bbservice-cards\u00a0\u00bb _builder_version=\u00a0\u00bb4.22.0&Prime; _dynamic_attributes=\u00a0\u00bblink_option_url\u00a0\u00bb _module_preset=\u00a0\u00bbdefault\u00a0\u00bb header_level=\u00a0\u00bbh3&Prime; header_text_align=\u00a0\u00bbleft\u00a0\u00bb header_text_color=\u00a0\u00bbgcid-f2e8ad1b-fd9b-4f08-be8a-b223dc31a158&Prime; body_text_color=\u00a0\u00bbgcid-f2e8ad1b-fd9b-4f08-be8a-b223dc31a158&Prime; background_color=\u00a0\u00bb#ff0000&Prime; height=\u00a0\u00bb700px\u00a0\u00bb custom_padding=\u00a0\u00bb||||false|false\u00a0\u00bb link_option_url=\u00a0\u00bb@ET-DC@eyJkeW5hbWljIjp0cnVlLCJjb250ZW50IjoicG9zdF9saW5rX3VybF9wYWdlIiwic2V0dGluZ3MiOnsicG9zdF9pZCI6IjMwNDAxIn19@\u00a0\u00bb global_colors_info=\u00a0\u00bb{%22gcid-f2e8ad1b-fd9b-4f08-be8a-b223dc31a158%22:%91%22header_text_color%22,%22body_text_color%22%93}\u00a0\u00bb]<\/p>\n<p>Lib\u00e9rez votre potentiel de cyclisme complet: \u00e9levez votre trajet avec un coaching personnalis\u00e9 de Final6.<\/p>\n<p>\u00cates-vous pr\u00eat \u00e0 transformer votre exp\u00e9rience de cyclisme, \u00e0 conqu\u00e9rir vos objectifs et \u00e0 rouler \u00e0 votre plein potentiel? Bienvenue \u00e0 Final6, o\u00f9 nous nous sp\u00e9cialisons dans le coaching de cyclisme priv\u00e9 con\u00e7u exclusivement pour vous. Rejoignez-nous pour un voyage personnalis\u00e9 qui r\u00e9pond \u00e0 vos besoins, aspirations et r\u00eaves uniques sur la route, la piste ou la piste.<\/p>\n<p><span>Continons \u00e0 des performances de pointe ensemble!<\/span><\/p>\n<p style=\"text-align: left;\"><strong><span style=\"text-decoration: underline;\">Plus d&rsquo;information<\/span><\/strong><\/p>\n<p>[\/et_pb_blurb][et_pb_blurb title=\u00a0\u00bbPositionnement a\u00e9rodynamique\u00a0\u00bb image=\u00a0\u00bbhttps:\/\/final6.ch\/wp-content\/uploads\/2023\/12\/TT-Image.jpeg\u00a0\u00bb module_class=\u00a0\u00bbservice-cards\u00a0\u00bb _builder_version=\u00a0\u00bb4.24.2&Prime; _module_preset=\u00a0\u00bbdefault\u00a0\u00bb header_level=\u00a0\u00bbh3&Prime; header_text_align=\u00a0\u00bbleft\u00a0\u00bb header_text_color=\u00a0\u00bbgcid-f2e8ad1b-fd9b-4f08-be8a-b223dc31a158&Prime; body_text_color=\u00a0\u00bbgcid-f2e8ad1b-fd9b-4f08-be8a-b223dc31a158&Prime; background_color=\u00a0\u00bb#ff0000&Prime; height=\u00a0\u00bb700px\u00a0\u00bb custom_padding=\u00a0\u00bb||||false|false\u00a0\u00bb global_colors_info=\u00a0\u00bb{%22gcid-f2e8ad1b-fd9b-4f08-be8a-b223dc31a158%22:%91%22header_text_color%22,%22body_text_color%22%93}\u00a0\u00bb]<\/p>\n<p>Lib\u00e9rez tout votre potentiel cycliste : optimisez votre position a\u00e9rodynamique sur le v\u00e9lo<\/p>\n<p>La position du corps d&rsquo;un cycliste est le plus grand effet a\u00e9rodynamique pour un cycliste, trouver une bonne position et la maintenir est la pierre angulaire de la performance cycliste. La finale 6 utilise l&rsquo;a\u00e9rocoach pour optimiser votre position de conduite.<\/p>\n<p style=\"text-align: left;\">[\/et_pb_blurb][\/et_pb_column][\/et_pb_row][\/et_pb_section]<\/p>\n","protected":false},"excerpt":{"rendered":"<p>Positionnement a\u00e9rodynamique Transformez votre cyclisme, maximisez votre vitesse En tant que cycliste, vous savez que chaque seconde compte. Que vous participiez \u00e0 un contre-la-montre, que vous recherchiez un nouveau record personnel ou que vous recherchiez simplement une conduite plus fluide et plus efficace, la configuration de votre v\u00e9lo joue un r\u00f4le crucial dans vos performances. [&hellip;]<\/p>\n","protected":false},"author":4,"featured_media":31109,"parent":0,"menu_order":0,"comment_status":"closed","ping_status":"closed","template":"","meta":{"_acf_changed":false,"_et_pb_use_builder":"on","_et_pb_old_content":"","_et_gb_content_width":"","footnotes":""},"class_list":["post-31625","page","type-page","status-publish","has-post-thumbnail","hentry"],"acf":[],"_links":{"self":[{"href":"https:\/\/final6.ch\/fr\/wp-json\/wp\/v2\/pages\/31625","targetHints":{"allow":["GET"]}}],"collection":[{"href":"https:\/\/final6.ch\/fr\/wp-json\/wp\/v2\/pages"}],"about":[{"href":"https:\/\/final6.ch\/fr\/wp-json\/wp\/v2\/types\/page"}],"author":[{"embeddable":true,"href":"https:\/\/final6.ch\/fr\/wp-json\/wp\/v2\/users\/4"}],"replies":[{"embeddable":true,"href":"https:\/\/final6.ch\/fr\/wp-json\/wp\/v2\/comments?post=31625"}],"version-history":[{"count":5,"href":"https:\/\/final6.ch\/fr\/wp-json\/wp\/v2\/pages\/31625\/revisions"}],"predecessor-version":[{"id":31669,"href":"https:\/\/final6.ch\/fr\/wp-json\/wp\/v2\/pages\/31625\/revisions\/31669"}],"wp:featuredmedia":[{"embeddable":true,"href":"https:\/\/final6.ch\/fr\/wp-json\/wp\/v2\/media\/31109"}],"wp:attachment":[{"href":"https:\/\/final6.ch\/fr\/wp-json\/wp\/v2\/media?parent=31625"}],"curies":[{"name":"wp","href":"https:\/\/api.w.org\/{rel}","templated":true}]}}