{"id":31497,"date":"2023-06-09T09:03:13","date_gmt":"2023-06-09T07:03:13","guid":{"rendered":"https:\/\/final6.ch\/prestations-de-service\/kids-cup-pour-ecoles-et-villes\/"},"modified":"2025-06-23T22:20:03","modified_gmt":"2025-06-23T20:20:03","slug":"kids-cup-pour-ecoles-et-villes","status":"publish","type":"page","link":"https:\/\/final6.ch\/fr\/prestations-de-service\/kids-cup-pour-ecoles-et-villes\/","title":{"rendered":"Kids Cup pour \u00e9coles et villes"},"content":{"rendered":"\n[et_pb_section fb_built=\u00a0\u00bb1&Prime; _builder_version=\u00a0\u00bb4.19.2&Prime; _module_preset=\u00a0\u00bbdefault\u00a0\u00bb global_colors_info=\u00a0\u00bb{}\u00a0\u00bb][et_pb_row column_structure=\u00a0\u00bb1_2,1_2&Prime; module_class=\u00a0\u00bbbn-ligne-center\u00a0\u00bb _builder_version=\u00a0\u00bb4.19.2&Prime; _module_preset=\u00a0\u00bbdefault\u00a0\u00bb global_colors_info=\u00a0\u00bb{}\u00a0\u00bb custom_css_main_element_last_edited=\u00a0\u00bbon|phone\u00a0\u00bb][et_pb_column type=\u00a0\u00bb1_2&Prime; _builder_version=\u00a0\u00bb4.19.2&Prime; _module_preset=\u00a0\u00bbdefault\u00a0\u00bb global_colors_info=\u00a0\u00bb{}\u00a0\u00bb][et_pb_text _builder_version=\u00a0\u00bb4.21.2&Prime; _module_preset=\u00a0\u00bbdefault\u00a0\u00bb header_6_text_color=\u00a0\u00bbgcid-f2e8ad1b-fd9b-4f08-be8a-b223dc31a158&Prime; global_colors_info=\u00a0\u00bb{%22gcid-f2e8ad1b-fd9b-4f08-be8a-b223dc31a158%22:%91%22header_6_text_color%22%93}\u00a0\u00bb]<h1>Kids Cup pour \u00e9coles et villes<\/h1>\n<h4>Une exp\u00e9rience rare<\/h4>\n<p>Le cours est donn\u00e9 par une infirmi\u00e8re de niveau 2 et th\u00e9rapeute naturelle.<\/p>\n<p>Alors que l&rsquo;on red\u00e9couvre les bienfaits pour la sant\u00e9 de la lactofermentation en occident, votre animatrice est n\u00e9e et a grandi dans une culture o\u00f9 la lactofermentation n&rsquo;a jamais \u00e9t\u00e9 abandonn\u00e9e.<\/p>\n<p>Elle partage son savoir et exp\u00e9rience.<\/p>[\/et_pb_text][et_pb_button button_url=\u00a0\u00bb@ET-DC@eyJkeW5hbWljIjp0cnVlLCJjb250ZW50IjoicG9zdF9saW5rX3VybF9wYWdlIiwic2V0dGluZ3MiOnsicG9zdF9pZCI6IjQ1In19@\u00a0\u00bb button_text=\u00a0\u00bbS&#039;inscrire\u00a0\u00bb _builder_version=\u00a0\u00bb4.20.2&Prime; _dynamic_attributes=\u00a0\u00bbbutton_url\u00a0\u00bb _module_preset=\u00a0\u00bbdefault\u00a0\u00bb global_colors_info=\u00a0\u00bb{}\u00a0\u00bb][\/et_pb_button][\/et_pb_column][et_pb_column type=\u00a0\u00bb1_2&Prime; _builder_version=\u00a0\u00bb4.19.2&Prime; _module_preset=\u00a0\u00bbdefault\u00a0\u00bb global_colors_info=\u00a0\u00bb{}\u00a0\u00bb][et_pb_image src=\u00a0\u00bbhttps:\/\/final6.ch\/wp-content\/uploads\/2023\/06\/kids-cup.jpeg\u00a0\u00bb title_text=\u00a0\u00bbkids-cup\u00a0\u00bb align=\u00a0\u00bbcenter\u00a0\u00bb _builder_version=\u00a0\u00bb4.20.2&Prime; _module_preset=\u00a0\u00bbdefault\u00a0\u00bb box_shadow_style=\u00a0\u00bbpreset4&Prime; box_shadow_horizontal=\u00a0\u00bb20px\u00a0\u00bb box_shadow_vertical=\u00a0\u00bb20px\u00a0\u00bb box_shadow_color=\u00a0\u00bbRGBA(255,255,255,0)\u00a0\u00bb global_colors_info=\u00a0\u00bb{}\u00a0\u00bb][\/et_pb_image][\/et_pb_column][\/et_pb_row][et_pb_row column_structure=\u00a0\u00bb1_2,1_2&Prime; _builder_version=\u00a0\u00bb4.19.2&Prime; _module_preset=\u00a0\u00bbdefault\u00a0\u00bb global_colors_info=\u00a0\u00bb{}\u00a0\u00bb locked=\u00a0\u00bboff\u00a0\u00bb][et_pb_column type=\u00a0\u00bb1_2&Prime; _builder_version=\u00a0\u00bb4.19.2&Prime; _module_preset=\u00a0\u00bbdefault\u00a0\u00bb global_colors_info=\u00a0\u00bb{}\u00a0\u00bb][et_pb_blurb title=\u00a0\u00bbTarif\u00a0\u00bb use_icon=\u00a0\u00bbon\u00a0\u00bb font_icon=\u00a0\u00bb&#xe0d8;||divi||400&Prime; icon_placement=\u00a0\u00bbleft\u00a0\u00bb _builder_version=\u00a0\u00bb4.22.0&Prime; _module_preset=\u00a0\u00bbdefault\u00a0\u00bb custom_padding=\u00a0\u00bb10px|10px|10px|10px|false|false\u00a0\u00bb hover_enabled=\u00a0\u00bb0&Prime; border_color_all=\u00a0\u00bb#00B0F0&Prime; global_colors_info=\u00a0\u00bb{}\u00a0\u00bb sticky_enabled=\u00a0\u00bb0&Prime;]<p><strong>80.- \/personne<br><\/strong><span><strong>140.- \/personne<\/strong> (3 bocaux et l\u00e9gumes bios fournis par nos soins)<br><\/span><\/p>[\/et_pb_blurb][et_pb_blurb title=\u00a0\u00bbDur\u00e9e\u00a0\u00bb use_icon=\u00a0\u00bbon\u00a0\u00bb font_icon=\u00a0\u00bb&#xf252;||fa||900&Prime; icon_placement=\u00a0\u00bbleft\u00a0\u00bb _builder_version=\u00a0\u00bb4.22.0&Prime; _module_preset=\u00a0\u00bbdefault\u00a0\u00bb custom_padding=\u00a0\u00bb10px|10px|10px|10px|false|false\u00a0\u00bb hover_enabled=\u00a0\u00bb0&Prime; border_color_all=\u00a0\u00bb#00B0F0&Prime; global_colors_info=\u00a0\u00bb{}\u00a0\u00bb sticky_enabled=\u00a0\u00bb0&Prime;]<p><strong>3h<\/strong><\/p>[\/et_pb_blurb][\/et_pb_column][et_pb_column type=\u00a0\u00bb1_2&Prime; _builder_version=\u00a0\u00bb4.19.2&Prime; _module_preset=\u00a0\u00bbdefault\u00a0\u00bb global_colors_info=\u00a0\u00bb{}\u00a0\u00bb][et_pb_blurb title=\u00a0\u00bbInformations suppl\u00e9mentaires\u00a0\u00bb use_icon=\u00a0\u00bbon\u00a0\u00bb font_icon=\u00a0\u00bb&#xe060;||divi||400&Prime; icon_placement=\u00a0\u00bbleft\u00a0\u00bb _builder_version=\u00a0\u00bb4.22.0&Prime; _module_preset=\u00a0\u00bbdefault\u00a0\u00bb custom_padding=\u00a0\u00bb10px|10px|10px|10px|false|false\u00a0\u00bb hover_enabled=\u00a0\u00bb0&Prime; border_color_all=\u00a0\u00bb#00B0F0&Prime; global_colors_info=\u00a0\u00bb{}\u00a0\u00bb sticky_enabled=\u00a0\u00bb0&Prime;]<p>Possibilit\u00e9 de venir avec ses aliments et bocaux \u00e0 pr\u00e9parer, ou d&rsquo;avoir \u00ab\u00a0tout compris\u00a0\u00bb.<br>Les cours peuvent \u00eatre individuels ou en groupe.<\/p>\n<p>Tous les prix s&rsquo;entendent en CHF et incluent la TVA<\/p>[\/et_pb_blurb][mec_divi_event_date _builder_version=\u00a0\u00bb4.19.2&Prime; _module_preset=\u00a0\u00bbdefault\u00a0\u00bb global_colors_info=\u00a0\u00bb{}\u00a0\u00bb][\/mec_divi_event_date][\/et_pb_column][\/et_pb_row][\/et_pb_section][et_pb_section fb_built=\u00a0\u00bb1&Prime; _builder_version=\u00a0\u00bb4.20.2&Prime; _module_preset=\u00a0\u00bbdefault\u00a0\u00bb global_colors_info=\u00a0\u00bb{}\u00a0\u00bb][et_pb_row column_structure=\u00a0\u00bb1_2,1_2&Prime; _builder_version=\u00a0\u00bb4.20.2&Prime; _module_preset=\u00a0\u00bbdefault\u00a0\u00bb global_colors_info=\u00a0\u00bb{}\u00a0\u00bb][et_pb_column type=\u00a0\u00bb1_2&Prime; _builder_version=\u00a0\u00bb4.20.2&Prime; _module_preset=\u00a0\u00bbdefault\u00a0\u00bb global_colors_info=\u00a0\u00bb{}\u00a0\u00bb][et_pb_text _builder_version=\u00a0\u00bb4.22.0&Prime; _module_preset=\u00a0\u00bbdefault\u00a0\u00bb header_4_text_color=\u00a0\u00bbgcid-dc344de9-14f3-4884-aa64-e484c53de139&Prime; header_6_text_color=\u00a0\u00bbgcid-f2e8ad1b-fd9b-4f08-be8a-b223dc31a158&Prime; global_colors_info=\u00a0\u00bb{%22gcid-f2e8ad1b-fd9b-4f08-be8a-b223dc31a158%22:%91%22header_6_text_color%22%93,%22gcid-dc344de9-14f3-4884-aa64-e484c53de139%22:%91%22header_4_text_color%22%93}\u00a0\u00bb]<h1><\/h1>\n<h2>Concept<\/h2>\n<p>Le cours est donn\u00e9 par une infirmi\u00e8re de niveau 2 et th\u00e9rapeute naturelle.<\/p>\n<p>Alors que l&rsquo;on red\u00e9couvre les bienfaits pour la sant\u00e9 de la lactofermentation en occident, votre animatrice est n\u00e9e et a grandi dans une culture o\u00f9 la lactofermentation n&rsquo;a jamais \u00e9t\u00e9 abandonn\u00e9e.<\/p>\n<p>Elle partage son savoir et exp\u00e9rience.<\/p>[\/et_pb_text][\/et_pb_column][et_pb_column type=\u00a0\u00bb1_2&Prime; _builder_version=\u00a0\u00bb4.20.2&Prime; _module_preset=\u00a0\u00bbdefault\u00a0\u00bb global_colors_info=\u00a0\u00bb{}\u00a0\u00bb][et_pb_image src=\u00a0\u00bbdata:image\/svg+xml;base64,PHN2ZyB3aWR0aD0iMTA4MCIgaGVpZ2h0PSI1NDAiIHZpZXdCb3g9IjAgMCAxMDgwIDU0MCIgeG1sbnM9Imh0dHA6Ly93d3cudzMub3JnLzIwMDAvc3ZnIj4KICAgIDxnIGZpbGw9Im5vbmUiIGZpbGwtcnVsZT0iZXZlbm9kZCI+CiAgICAgICAgPHBhdGggZmlsbD0iI0VCRUJFQiIgZD0iTTAgMGgxMDgwdjU0MEgweiIvPgogICAgICAgIDxwYXRoIGQ9Ik00NDUuNjQ5IDU0MGgtOTguOTk1TDE0NC42NDkgMzM3Ljk5NSAwIDQ4Mi42NDR2LTk4Ljk5NWwxMTYuMzY1LTExNi4zNjVjMTUuNjItMTUuNjIgNDAuOTQ3LTE1LjYyIDU2LjU2OCAwTDQ0NS42NSA1NDB6IiBmaWxsLW9wYWNpdHk9Ii4xIiBmaWxsPSIjMDAwIiBmaWxsLXJ1bGU9Im5vbnplcm8iLz4KICAgICAgICA8Y2lyY2xlIGZpbGwtb3BhY2l0eT0iLjA1IiBmaWxsPSIjMDAwIiBjeD0iMzMxIiBjeT0iMTQ4IiByPSI3MCIvPgogICAgICAgIDxwYXRoIGQ9Ik0xMDgwIDM3OXYxMTMuMTM3TDcyOC4xNjIgMTQwLjMgMzI4LjQ2MiA1NDBIMjE1LjMyNEw2OTkuODc4IDU1LjQ0NmMxNS42Mi0xNS42MiA0MC45NDgtMTUuNjIgNTYuNTY4IDBMMTA4MCAzNzl6IiBmaWxsLW9wYWNpdHk9Ii4yIiBmaWxsPSIjMDAwIiBmaWxsLXJ1bGU9Im5vbnplcm8iLz4KICAgIDwvZz4KPC9zdmc+Cg==\u00a0\u00bb _builder_version=\u00a0\u00bb4.20.2&Prime; _module_preset=\u00a0\u00bbdefault\u00a0\u00bb global_colors_info=\u00a0\u00bb{}\u00a0\u00bb][\/et_pb_image][\/et_pb_column][\/et_pb_row][\/et_pb_section][et_pb_section fb_built=\u00a0\u00bb1&Prime; _builder_version=\u00a0\u00bb4.20.2&Prime; _module_preset=\u00a0\u00bbdefault\u00a0\u00bb global_colors_info=\u00a0\u00bb{}\u00a0\u00bb][et_pb_row column_structure=\u00a0\u00bb1_2,1_2&Prime; _builder_version=\u00a0\u00bb4.20.2&Prime; _module_preset=\u00a0\u00bbdefault\u00a0\u00bb global_colors_info=\u00a0\u00bb{}\u00a0\u00bb][et_pb_column type=\u00a0\u00bb1_2&Prime; _builder_version=\u00a0\u00bb4.20.2&Prime; _module_preset=\u00a0\u00bbdefault\u00a0\u00bb global_colors_info=\u00a0\u00bb{}\u00a0\u00bb][et_pb_image src=\u00a0\u00bbdata:image\/svg+xml;base64,PHN2ZyB3aWR0aD0iMTA4MCIgaGVpZ2h0PSI1NDAiIHZpZXdCb3g9IjAgMCAxMDgwIDU0MCIgeG1sbnM9Imh0dHA6Ly93d3cudzMub3JnLzIwMDAvc3ZnIj4KICAgIDxnIGZpbGw9Im5vbmUiIGZpbGwtcnVsZT0iZXZlbm9kZCI+CiAgICAgICAgPHBhdGggZmlsbD0iI0VCRUJFQiIgZD0iTTAgMGgxMDgwdjU0MEgweiIvPgogICAgICAgIDxwYXRoIGQ9Ik00NDUuNjQ5IDU0MGgtOTguOTk1TDE0NC42NDkgMzM3Ljk5NSAwIDQ4Mi42NDR2LTk4Ljk5NWwxMTYuMzY1LTExNi4zNjVjMTUuNjItMTUuNjIgNDAuOTQ3LTE1LjYyIDU2LjU2OCAwTDQ0NS42NSA1NDB6IiBmaWxsLW9wYWNpdHk9Ii4xIiBmaWxsPSIjMDAwIiBmaWxsLXJ1bGU9Im5vbnplcm8iLz4KICAgICAgICA8Y2lyY2xlIGZpbGwtb3BhY2l0eT0iLjA1IiBmaWxsPSIjMDAwIiBjeD0iMzMxIiBjeT0iMTQ4IiByPSI3MCIvPgogICAgICAgIDxwYXRoIGQ9Ik0xMDgwIDM3OXYxMTMuMTM3TDcyOC4xNjIgMTQwLjMgMzI4LjQ2MiA1NDBIMjE1LjMyNEw2OTkuODc4IDU1LjQ0NmMxNS42Mi0xNS42MiA0MC45NDgtMTUuNjIgNTYuNTY4IDBMMTA4MCAzNzl6IiBmaWxsLW9wYWNpdHk9Ii4yIiBmaWxsPSIjMDAwIiBmaWxsLXJ1bGU9Im5vbnplcm8iLz4KICAgIDwvZz4KPC9zdmc+Cg==\u00a0\u00bb _builder_version=\u00a0\u00bb4.20.2&Prime; _module_preset=\u00a0\u00bbdefault\u00a0\u00bb global_colors_info=\u00a0\u00bb{}\u00a0\u00bb][\/et_pb_image][\/et_pb_column][et_pb_column type=\u00a0\u00bb1_2&Prime; _builder_version=\u00a0\u00bb4.20.2&Prime; _module_preset=\u00a0\u00bbdefault\u00a0\u00bb global_colors_info=\u00a0\u00bb{}\u00a0\u00bb][et_pb_text _builder_version=\u00a0\u00bb4.22.0&Prime; _module_preset=\u00a0\u00bbdefault\u00a0\u00bb header_4_text_color=\u00a0\u00bbgcid-dc344de9-14f3-4884-aa64-e484c53de139&Prime; header_6_text_color=\u00a0\u00bbgcid-f2e8ad1b-fd9b-4f08-be8a-b223dc31a158&Prime; global_colors_info=\u00a0\u00bb{%22gcid-f2e8ad1b-fd9b-4f08-be8a-b223dc31a158%22:%91%22header_6_text_color%22%93,%22gcid-dc344de9-14f3-4884-aa64-e484c53de139%22:%91%22header_4_text_color%22%93}\u00a0\u00bb]<h1><\/h1>\n<h2>Avantages<\/h2>\n<p>Le cours est donn\u00e9 par une infirmi\u00e8re de niveau 2 et th\u00e9rapeute naturelle.<\/p>\n<p>Alors que l&rsquo;on red\u00e9couvre les bienfaits pour la sant\u00e9 de la lactofermentation en occident, votre animatrice est n\u00e9e et a grandi dans une culture o\u00f9 la lactofermentation n&rsquo;a jamais \u00e9t\u00e9 abandonn\u00e9e.<\/p>\n<p>Elle partage son savoir et exp\u00e9rience.<\/p>[\/et_pb_text][\/et_pb_column][\/et_pb_row][\/et_pb_section][et_pb_section fb_built=\u00a0\u00bb1&Prime; _builder_version=\u00a0\u00bb4.19.2&Prime; _module_preset=\u00a0\u00bbdefault\u00a0\u00bb global_colors_info=\u00a0\u00bb{}\u00a0\u00bb][et_pb_row _builder_version=\u00a0\u00bb4.19.2&Prime; _module_preset=\u00a0\u00bbdefault\u00a0\u00bb global_colors_info=\u00a0\u00bb{}\u00a0\u00bb][et_pb_column type=\u00a0\u00bb4_4&Prime; _builder_version=\u00a0\u00bb4.19.2&Prime; _module_preset=\u00a0\u00bbdefault\u00a0\u00bb global_colors_info=\u00a0\u00bb{}\u00a0\u00bb][et_pb_text _builder_version=\u00a0\u00bb4.19.2&Prime; _module_preset=\u00a0\u00bbdefault\u00a0\u00bb global_colors_info=\u00a0\u00bb{}\u00a0\u00bb]<h2 style=\"text-align: center;\">Nos prochains \u00e9v\u00e9nements<\/h2>[\/et_pb_text][mecdivi_MECShortcodes shortcode_id=\u00a0\u00bb29148&Prime; _builder_version=\u00a0\u00bb4.20.2&Prime; _module_preset=\u00a0\u00bbdefault\u00a0\u00bb global_colors_info=\u00a0\u00bb{}\u00a0\u00bb][\/mecdivi_MECShortcodes][\/et_pb_column][\/et_pb_row][\/et_pb_section][et_pb_section fb_built=\u00a0\u00bb1&Prime; _builder_version=\u00a0\u00bb4.19.2&Prime; _module_preset=\u00a0\u00bbdefault\u00a0\u00bb global_colors_info=\u00a0\u00bb{}\u00a0\u00bb][et_pb_row _builder_version=\u00a0\u00bb4.19.2&Prime; _module_preset=\u00a0\u00bbdefault\u00a0\u00bb global_colors_info=\u00a0\u00bb{}\u00a0\u00bb][et_pb_column type=\u00a0\u00bb4_4&Prime; _builder_version=\u00a0\u00bb4.19.2&Prime; _module_preset=\u00a0\u00bbdefault\u00a0\u00bb global_colors_info=\u00a0\u00bb{}\u00a0\u00bb][et_pb_text _builder_version=\u00a0\u00bb4.20.2&Prime; _module_preset=\u00a0\u00bbdefault\u00a0\u00bb global_colors_info=\u00a0\u00bb{}\u00a0\u00bb]<h2 style=\"text-align: center;\">D\u00e9couvrez les autres services<\/h2>[\/et_pb_text][\/et_pb_column][\/et_pb_row][et_pb_row column_structure=\u00a0\u00bb1_3,1_3,1_3&Prime; _builder_version=\u00a0\u00bb4.19.2&Prime; _module_preset=\u00a0\u00bbdefault\u00a0\u00bb global_module=\u00a0\u00bb29295&Prime; saved_tabs=\u00a0\u00bball\u00a0\u00bb global_colors_info=\u00a0\u00bb{}\u00a0\u00bb][et_pb_column type=\u00a0\u00bb1_3&Prime; _builder_version=\u00a0\u00bb4.19.2&Prime; _module_preset=\u00a0\u00bbdefault\u00a0\u00bb global_colors_info=\u00a0\u00bb{}\u00a0\u00bb][et_pb_blurb title=\u00a0\u00bbEntrainement et coaching performance\u00a0\u00bb image=\u00a0\u00bbhttps:\/\/final6.ch\/wp-content\/uploads\/2023\/05\/markus-spiske-WUehAgqO5hE-unsplash.jpg\u00a0\u00bb module_class=\u00a0\u00bbservice-cards\u00a0\u00bb _builder_version=\u00a0\u00bb4.20.2&Prime; _dynamic_attributes=\u00a0\u00bblink_option_url\u00a0\u00bb _module_preset=\u00a0\u00bbdefault\u00a0\u00bb header_level=\u00a0\u00bbh3&Prime; header_text_align=\u00a0\u00bbleft\u00a0\u00bb header_text_color=\u00a0\u00bbgcid-f2e8ad1b-fd9b-4f08-be8a-b223dc31a158&Prime; background_color=\u00a0\u00bbgcid-2e1a5f1c-16dd-460e-a2f3-862923a2dece\u00a0\u00bb custom_padding=\u00a0\u00bb||||false|false\u00a0\u00bb link_option_url=\u00a0\u00bb@ET-DC@eyJkeW5hbWljIjp0cnVlLCJjb250ZW50IjoicG9zdF9saW5rX3VybF9wYWdlIiwic2V0dGluZ3MiOnsicG9zdF9pZCI6IjI5MjkxIn19@\u00a0\u00bb global_colors_info=\u00a0\u00bb{%22gcid-2e1a5f1c-16dd-460e-a2f3-862923a2dece%22:%91%22background_color%22%93,%22gcid-f2e8ad1b-fd9b-4f08-be8a-b223dc31a158%22:%91%22header_text_color%22%93}\u00a0\u00bb]<p>Texte<\/p>\n<p style=\"text-align: left;\"><strong><span style=\"text-decoration: underline;\">En savoir plus<\/span><\/strong><\/p>[\/et_pb_blurb][et_pb_blurb title=\u00a0\u00bbTours guid\u00e9s \u00e0 v\u00e9lo\u00a0\u00bb image=\u00a0\u00bbhttps:\/\/final6.ch\/wp-content\/uploads\/2023\/05\/markus-spiske-WUehAgqO5hE-unsplash.jpg\u00a0\u00bb module_class=\u00a0\u00bbservice-cards\u00a0\u00bb _builder_version=\u00a0\u00bb4.20.2&Prime; _dynamic_attributes=\u00a0\u00bblink_option_url\u00a0\u00bb _module_preset=\u00a0\u00bbdefault\u00a0\u00bb header_level=\u00a0\u00bbh3&Prime; header_text_align=\u00a0\u00bbleft\u00a0\u00bb header_text_color=\u00a0\u00bbgcid-f2e8ad1b-fd9b-4f08-be8a-b223dc31a158&Prime; background_color=\u00a0\u00bbgcid-2e1a5f1c-16dd-460e-a2f3-862923a2dece\u00a0\u00bb custom_padding=\u00a0\u00bb||||false|false\u00a0\u00bb link_option_url=\u00a0\u00bb@ET-DC@eyJkeW5hbWljIjp0cnVlLCJjb250ZW50IjoicG9zdF9saW5rX3VybF9wYWdlIiwic2V0dGluZ3MiOnsicG9zdF9pZCI6IjI5MjkxIn19@\u00a0\u00bb global_colors_info=\u00a0\u00bb{%22gcid-2e1a5f1c-16dd-460e-a2f3-862923a2dece%22:%91%22background_color%22%93,%22gcid-f2e8ad1b-fd9b-4f08-be8a-b223dc31a158%22:%91%22header_text_color%22%93}\u00a0\u00bb]<p>Texte<\/p>\n<p style=\"text-align: left;\"><strong><span style=\"text-decoration: underline;\">En savoir plus<\/span><\/strong><\/p>[\/et_pb_blurb][\/et_pb_column][et_pb_column type=\u00a0\u00bb1_3&Prime; _builder_version=\u00a0\u00bb4.19.2&Prime; _module_preset=\u00a0\u00bbdefault\u00a0\u00bb global_colors_info=\u00a0\u00bb{}\u00a0\u00bb][et_pb_blurb title=\u00a0\u00bb\u00c9cole de cyclisme\u00a0\u00bb image=\u00a0\u00bbhttps:\/\/final6.ch\/wp-content\/uploads\/2023\/05\/markus-spiske-WUehAgqO5hE-unsplash.jpg\u00a0\u00bb module_class=\u00a0\u00bbservice-cards\u00a0\u00bb _builder_version=\u00a0\u00bb4.20.2&Prime; _dynamic_attributes=\u00a0\u00bblink_option_url\u00a0\u00bb _module_preset=\u00a0\u00bbdefault\u00a0\u00bb header_level=\u00a0\u00bbh3&Prime; header_text_align=\u00a0\u00bbleft\u00a0\u00bb header_text_color=\u00a0\u00bbgcid-f2e8ad1b-fd9b-4f08-be8a-b223dc31a158&Prime; background_color=\u00a0\u00bbgcid-2e1a5f1c-16dd-460e-a2f3-862923a2dece\u00a0\u00bb custom_padding=\u00a0\u00bb||||false|false\u00a0\u00bb link_option_url=\u00a0\u00bb@ET-DC@eyJkeW5hbWljIjp0cnVlLCJjb250ZW50IjoicG9zdF9saW5rX3VybF9wYWdlIiwic2V0dGluZ3MiOnsicG9zdF9pZCI6IjI5MjkxIn19@\u00a0\u00bb global_colors_info=\u00a0\u00bb{%22gcid-2e1a5f1c-16dd-460e-a2f3-862923a2dece%22:%91%22background_color%22%93,%22gcid-f2e8ad1b-fd9b-4f08-be8a-b223dc31a158%22:%91%22header_text_color%22%93}\u00a0\u00bb]<p>Texte<\/p>\n<p style=\"text-align: left;\"><strong><span style=\"text-decoration: underline;\">En savoir plus<\/span><\/strong><\/p>[\/et_pb_blurb][et_pb_blurb title=\u00a0\u00bbCamps d\u2019\u00e9t\u00e9 pour enfants et jeunes\u00a0\u00bb image=\u00a0\u00bbhttps:\/\/final6.ch\/wp-content\/uploads\/2023\/05\/markus-spiske-WUehAgqO5hE-unsplash.jpg\u00a0\u00bb module_class=\u00a0\u00bbservice-cards\u00a0\u00bb _builder_version=\u00a0\u00bb4.20.2&Prime; _dynamic_attributes=\u00a0\u00bblink_option_url\u00a0\u00bb _module_preset=\u00a0\u00bbdefault\u00a0\u00bb header_level=\u00a0\u00bbh3&Prime; header_text_align=\u00a0\u00bbleft\u00a0\u00bb header_text_color=\u00a0\u00bbgcid-f2e8ad1b-fd9b-4f08-be8a-b223dc31a158&Prime; background_color=\u00a0\u00bbgcid-2e1a5f1c-16dd-460e-a2f3-862923a2dece\u00a0\u00bb custom_padding=\u00a0\u00bb||||false|false\u00a0\u00bb link_option_url=\u00a0\u00bb@ET-DC@eyJkeW5hbWljIjp0cnVlLCJjb250ZW50IjoicG9zdF9saW5rX3VybF9wYWdlIiwic2V0dGluZ3MiOnsicG9zdF9pZCI6IjI5MjkxIn19@\u00a0\u00bb global_colors_info=\u00a0\u00bb{%22gcid-2e1a5f1c-16dd-460e-a2f3-862923a2dece%22:%91%22background_color%22%93,%22gcid-f2e8ad1b-fd9b-4f08-be8a-b223dc31a158%22:%91%22header_text_color%22%93}\u00a0\u00bb]<p>Texte<\/p>\n<p style=\"text-align: left;\"><strong><span style=\"text-decoration: underline;\">En savoir plus<\/span><\/strong><\/p>[\/et_pb_blurb][\/et_pb_column][et_pb_column type=\u00a0\u00bb1_3&Prime; _builder_version=\u00a0\u00bb4.19.2&Prime; _module_preset=\u00a0\u00bbdefault\u00a0\u00bb global_colors_info=\u00a0\u00bb{}\u00a0\u00bb][et_pb_blurb title=\u00a0\u00bbKids Cup pour \u00e9coles et villes\u00a0\u00bb image=\u00a0\u00bbhttps:\/\/final6.ch\/wp-content\/uploads\/2023\/05\/markus-spiske-WUehAgqO5hE-unsplash.jpg\u00a0\u00bb module_class=\u00a0\u00bbservice-cards\u00a0\u00bb _builder_version=\u00a0\u00bb4.20.2&Prime; _dynamic_attributes=\u00a0\u00bblink_option_url\u00a0\u00bb _module_preset=\u00a0\u00bbdefault\u00a0\u00bb header_level=\u00a0\u00bbh3&Prime; header_text_align=\u00a0\u00bbleft\u00a0\u00bb header_text_color=\u00a0\u00bbgcid-f2e8ad1b-fd9b-4f08-be8a-b223dc31a158&Prime; background_color=\u00a0\u00bbgcid-2e1a5f1c-16dd-460e-a2f3-862923a2dece\u00a0\u00bb custom_padding=\u00a0\u00bb||||false|false\u00a0\u00bb link_option_url=\u00a0\u00bb@ET-DC@eyJkeW5hbWljIjp0cnVlLCJjb250ZW50IjoicG9zdF9saW5rX3VybF9wYWdlIiwic2V0dGluZ3MiOnsicG9zdF9pZCI6IjI5MjkxIn19@\u00a0\u00bb global_colors_info=\u00a0\u00bb{%22gcid-2e1a5f1c-16dd-460e-a2f3-862923a2dece%22:%91%22background_color%22%93,%22gcid-f2e8ad1b-fd9b-4f08-be8a-b223dc31a158%22:%91%22header_text_color%22%93}\u00a0\u00bb]<p>Texte<\/p>\n<p style=\"text-align: left;\"><strong><span style=\"text-decoration: underline;\">En savoir plus<\/span><\/strong><\/p>[\/et_pb_blurb][et_pb_blurb title=\u00a0\u00bbServices professionnels\u00a0\u00bb image=\u00a0\u00bbhttps:\/\/final6.ch\/wp-content\/uploads\/2023\/05\/markus-spiske-WUehAgqO5hE-unsplash.jpg\u00a0\u00bb module_class=\u00a0\u00bbservice-cards\u00a0\u00bb _builder_version=\u00a0\u00bb4.20.2&Prime; _dynamic_attributes=\u00a0\u00bblink_option_url\u00a0\u00bb _module_preset=\u00a0\u00bbdefault\u00a0\u00bb header_level=\u00a0\u00bbh3&Prime; header_text_align=\u00a0\u00bbleft\u00a0\u00bb header_text_color=\u00a0\u00bbgcid-f2e8ad1b-fd9b-4f08-be8a-b223dc31a158&Prime; background_color=\u00a0\u00bbgcid-2e1a5f1c-16dd-460e-a2f3-862923a2dece\u00a0\u00bb custom_padding=\u00a0\u00bb||||false|false\u00a0\u00bb link_option_url=\u00a0\u00bb@ET-DC@eyJkeW5hbWljIjp0cnVlLCJjb250ZW50IjoicG9zdF9saW5rX3VybF9wYWdlIiwic2V0dGluZ3MiOnsicG9zdF9pZCI6IjI5MjkxIn19@\u00a0\u00bb global_colors_info=\u00a0\u00bb{%22gcid-2e1a5f1c-16dd-460e-a2f3-862923a2dece%22:%91%22background_color%22%93,%22gcid-f2e8ad1b-fd9b-4f08-be8a-b223dc31a158%22:%91%22header_text_color%22%93}\u00a0\u00bb]<p>Texte<\/p>\n<p style=\"text-align: left;\"><strong><span style=\"text-decoration: underline;\">En savoir plus<\/span><\/strong><\/p>[\/et_pb_blurb][\/et_pb_column][\/et_pb_row][\/et_pb_section]\n","protected":false},"excerpt":{"rendered":"<p>Kids Cup pour \u00e9coles et villes Une exp\u00e9rience rare Le cours est donn\u00e9 par une infirmi\u00e8re de niveau 2 et th\u00e9rapeute naturelle. Alors que l&rsquo;on red\u00e9couvre les bienfaits pour la sant\u00e9 de la lactofermentation en occident, votre animatrice est n\u00e9e et a grandi dans une culture o\u00f9 la lactofermentation n&rsquo;a jamais \u00e9t\u00e9 abandonn\u00e9e. Elle partage [&hellip;]<\/p>\n","protected":false},"author":1,"featured_media":0,"parent":31493,"menu_order":0,"comment_status":"closed","ping_status":"closed","template":"","meta":{"_acf_changed":false,"_et_pb_use_builder":"on","_et_pb_old_content":"","_et_gb_content_width":"","footnotes":""},"class_list":["post-31497","page","type-page","status-publish","hentry"],"acf":[],"_links":{"self":[{"href":"https:\/\/final6.ch\/fr\/wp-json\/wp\/v2\/pages\/31497","targetHints":{"allow":["GET"]}}],"collection":[{"href":"https:\/\/final6.ch\/fr\/wp-json\/wp\/v2\/pages"}],"about":[{"href":"https:\/\/final6.ch\/fr\/wp-json\/wp\/v2\/types\/page"}],"author":[{"embeddable":true,"href":"https:\/\/final6.ch\/fr\/wp-json\/wp\/v2\/users\/1"}],"replies":[{"embeddable":true,"href":"https:\/\/final6.ch\/fr\/wp-json\/wp\/v2\/comments?post=31497"}],"version-history":[{"count":3,"href":"https:\/\/final6.ch\/fr\/wp-json\/wp\/v2\/pages\/31497\/revisions"}],"predecessor-version":[{"id":31893,"href":"https:\/\/final6.ch\/fr\/wp-json\/wp\/v2\/pages\/31497\/revisions\/31893"}],"up":[{"embeddable":true,"href":"https:\/\/final6.ch\/fr\/wp-json\/wp\/v2\/pages\/31493"}],"wp:attachment":[{"href":"https:\/\/final6.ch\/fr\/wp-json\/wp\/v2\/media?parent=31497"}],"curies":[{"name":"wp","href":"https:\/\/api.w.org\/{rel}","templated":true}]}}