{"id":31493,"date":"2023-02-08T14:18:07","date_gmt":"2023-02-08T13:18:07","guid":{"rendered":"https:\/\/final6.ch\/prestations-de-service\/"},"modified":"2024-03-26T13:34:58","modified_gmt":"2024-03-26T12:34:58","slug":"prestations-de-service","status":"publish","type":"page","link":"https:\/\/final6.ch\/fr\/prestations-de-service\/","title":{"rendered":"Prestations de service"},"content":{"rendered":"\n[et_pb_section fb_built=\u00a0\u00bb1&Prime; _builder_version=\u00a0\u00bb4.19.2&Prime; _module_preset=\u00a0\u00bbdefault\u00a0\u00bb global_colors_info=\u00a0\u00bb{}\u00a0\u00bb][et_pb_row _builder_version=\u00a0\u00bb4.19.2&Prime; _module_preset=\u00a0\u00bbdefault\u00a0\u00bb global_colors_info=\u00a0\u00bb{}\u00a0\u00bb][et_pb_column type=\u00a0\u00bb4_4&Prime; _builder_version=\u00a0\u00bb4.19.2&Prime; _module_preset=\u00a0\u00bbdefault\u00a0\u00bb global_colors_info=\u00a0\u00bb{}\u00a0\u00bb][et_pb_text _builder_version=\u00a0\u00bb4.22.0&Prime; _module_preset=\u00a0\u00bbdefault\u00a0\u00bb hover_enabled=\u00a0\u00bb0&Prime; global_colors_info=\u00a0\u00bb{}\u00a0\u00bb sticky_enabled=\u00a0\u00bb0&Prime;]<h1 style=\"text-align: center;\">Nos services<\/h1>[\/et_pb_text][\/et_pb_column][\/et_pb_row][et_pb_row column_structure=\u00a0\u00bb1_3,1_3,1_3&Prime; _builder_version=\u00a0\u00bb4.22.0&Prime; _module_preset=\u00a0\u00bbdefault\u00a0\u00bb global_module=\u00a0\u00bb29295&Prime; saved_tabs=\u00a0\u00bball\u00a0\u00bb global_colors_info=\u00a0\u00bb{}\u00a0\u00bb][et_pb_column type=\u00a0\u00bb1_3&Prime; _builder_version=\u00a0\u00bb4.19.2&Prime; _module_preset=\u00a0\u00bbdefault\u00a0\u00bb global_colors_info=\u00a0\u00bb{}\u00a0\u00bb][et_pb_blurb title=\u00a0\u00bbCours de comp\u00e9tences en VTT\u00a0\u00bb image=\u00a0\u00bbhttps:\/\/final6.ch\/wp-content\/uploads\/2023\/12\/Vtt-Forest.jpeg\u00a0\u00bb module_class=\u00a0\u00bbservice-cards\u00a0\u00bb _builder_version=\u00a0\u00bb4.22.0&Prime; _dynamic_attributes=\u00a0\u00bblink_option_url\u00a0\u00bb _module_preset=\u00a0\u00bbdefault\u00a0\u00bb header_level=\u00a0\u00bbh3&Prime; header_text_align=\u00a0\u00bbleft\u00a0\u00bb header_text_color=\u00a0\u00bbgcid-f2e8ad1b-fd9b-4f08-be8a-b223dc31a158&Prime; body_text_color=\u00a0\u00bbgcid-f2e8ad1b-fd9b-4f08-be8a-b223dc31a158&Prime; background_color=\u00a0\u00bbgcid-2e1a5f1c-16dd-460e-a2f3-862923a2dece\u00a0\u00bb height=\u00a0\u00bb700px\u00a0\u00bb custom_padding=\u00a0\u00bb||||false|false\u00a0\u00bb link_option_url=\u00a0\u00bb@ET-DC@eyJkeW5hbWljIjp0cnVlLCJjb250ZW50IjoicG9zdF9saW5rX3VybF9wYWdlIiwic2V0dGluZ3MiOnsicG9zdF9pZCI6IjI5OTYyIn19@\u00a0\u00bb global_colors_info=\u00a0\u00bb{%22gcid-2e1a5f1c-16dd-460e-a2f3-862923a2dece%22:%91%22background_color%22%93,%22gcid-f2e8ad1b-fd9b-4f08-be8a-b223dc31a158%22:%91%22header_text_color%22,%22body_text_color%22%93}\u00a0\u00bb]<p>Lib\u00e9rez votre potentiel de VTT avec Final6<\/p>\n<p>Embarquez dans un voyage exaltant pour conqu\u00e9rir les sentiers et \u00e9lever vos comp\u00e9tences en VTT avec Final6.<\/p>\n<p><span>Pr\u00e9parez-vous pour une aventure passionnante, conqu\u00e9rir les terrains difficiles et devenir le motard que vous aspirez toujours \u00e0 \u00eatre avec final6. <\/span><\/p>\n<p><span>Passons aux sentiers ensemble.<\/span><\/p>\n<p style=\"text-align: left;\"><strong><span style=\"text-decoration: underline;\">En savoir plus<\/span><\/strong><\/p>[\/et_pb_blurb][et_pb_blurb title=\u00a0\u00bbCoaching pour la performance\u00a0\u00bb image=\u00a0\u00bbhttps:\/\/final6.ch\/wp-content\/uploads\/2023\/12\/Performance.jpeg\u00a0\u00bb module_class=\u00a0\u00bbservice-cards\u00a0\u00bb _builder_version=\u00a0\u00bb4.22.0&Prime; _dynamic_attributes=\u00a0\u00bblink_option_url\u00a0\u00bb _module_preset=\u00a0\u00bbdefault\u00a0\u00bb header_level=\u00a0\u00bbh3&Prime; header_text_align=\u00a0\u00bbleft\u00a0\u00bb header_text_color=\u00a0\u00bbgcid-f2e8ad1b-fd9b-4f08-be8a-b223dc31a158&Prime; body_text_color=\u00a0\u00bbgcid-f2e8ad1b-fd9b-4f08-be8a-b223dc31a158&Prime; background_color=\u00a0\u00bbgcid-2e1a5f1c-16dd-460e-a2f3-862923a2dece\u00a0\u00bb height=\u00a0\u00bb700px\u00a0\u00bb custom_padding=\u00a0\u00bb||||false|false\u00a0\u00bb link_option_url=\u00a0\u00bb@ET-DC@eyJkeW5hbWljIjp0cnVlLCJjb250ZW50IjoicG9zdF9saW5rX3VybF9wYWdlIiwic2V0dGluZ3MiOnsicG9zdF9pZCI6IjMwMzk0In19@\u00a0\u00bb global_colors_info=\u00a0\u00bb{%22gcid-2e1a5f1c-16dd-460e-a2f3-862923a2dece%22:%91%22background_color%22%93,%22gcid-f2e8ad1b-fd9b-4f08-be8a-b223dc31a158%22:%91%22header_text_color%22,%22body_text_color%22%93}\u00a0\u00bb]<p>Lib\u00e9rez votre potentiel de cyclisme: \u00e9levez vos performances avec Final6.<\/p>\n<p>Bienvenue \u00e0 Final6, o\u00f9 nous nous sp\u00e9cialisons dans le coaching de pr\u00e9cision pour am\u00e9liorer vos performances cyclables dans toutes les disciplines. Que vous soyez un cavalier chevronn\u00e9 ou que vous commenciez, notre \u00e9quipe d&rsquo;entra\u00eeneurs d\u00e9vou\u00e9s est l\u00e0 pour vous guider vers vos objectifs de cyclisme. <span>Pr\u00e9parez-vous \u00e0 l&rsquo;excellence des performances, conqu\u00e9rir de nouveaux sommets et devenir le cycliste que vous avez toujours aspir\u00e9 \u00e0 \u00eatre avec Final6. <\/span><\/p>\n<p><span>Continons \u00e0 des performances de pointe ensemble!<\/span><\/p>\n<p style=\"text-align: left;\"><strong><span style=\"text-decoration: underline;\">En savoir plus<\/span><\/strong><\/p>[\/et_pb_blurb][\/et_pb_column][et_pb_column type=\u00a0\u00bb1_3&Prime; _builder_version=\u00a0\u00bb4.19.2&Prime; _module_preset=\u00a0\u00bbdefault\u00a0\u00bb global_colors_info=\u00a0\u00bb{}\u00a0\u00bb][et_pb_blurb title=\u00a0\u00bbCours de comp\u00e9tences en route et CLM\u00a0\u00bb image=\u00a0\u00bbhttps:\/\/final6.ch\/wp-content\/uploads\/2023\/05\/markus-spiske-WUehAgqO5hE-unsplash.jpg\u00a0\u00bb module_class=\u00a0\u00bbservice-cards\u00a0\u00bb _builder_version=\u00a0\u00bb4.22.0&Prime; _dynamic_attributes=\u00a0\u00bblink_option_url\u00a0\u00bb _module_preset=\u00a0\u00bbdefault\u00a0\u00bb header_level=\u00a0\u00bbh3&Prime; header_text_align=\u00a0\u00bbleft\u00a0\u00bb header_text_color=\u00a0\u00bbgcid-f2e8ad1b-fd9b-4f08-be8a-b223dc31a158&Prime; body_text_color=\u00a0\u00bbgcid-f2e8ad1b-fd9b-4f08-be8a-b223dc31a158&Prime; background_color=\u00a0\u00bbgcid-2e1a5f1c-16dd-460e-a2f3-862923a2dece\u00a0\u00bb height=\u00a0\u00bb700px\u00a0\u00bb custom_padding=\u00a0\u00bb||||false|false\u00a0\u00bb link_option_url=\u00a0\u00bb@ET-DC@eyJkeW5hbWljIjp0cnVlLCJjb250ZW50IjoicG9zdF9saW5rX3VybF9wYWdlIiwic2V0dGluZ3MiOnsicG9zdF9pZCI6IjMwMjc1In19@\u00a0\u00bb global_colors_info=\u00a0\u00bb{%22gcid-2e1a5f1c-16dd-460e-a2f3-862923a2dece%22:%91%22background_color%22%93,%22gcid-f2e8ad1b-fd9b-4f08-be8a-b223dc31a158%22:%91%22header_text_color%22,%22body_text_color%22%93}\u00a0\u00bb]<p>Lib\u00e9rez votre vitesse: dominer la route et les contre-la-montre avec final6<\/p>\n<p>\u00cates-vous pr\u00eat \u00e0 quitter la comp\u00e9tition dans la poussi\u00e8re, \u00e0 battre vos dossiers personnels et \u00e0 devenir une puissance sur la route et en contre-la-montre?<\/p>\n<p>Ne cherchez pas plus loin &#8211; Final6 est votre passerelle vers le coaching de pr\u00e9cision adapt\u00e9e au cyclisme sur la route et \u00e0 l&rsquo;excellence en temps d&rsquo;essais.<\/p>\n<p><span>Passons \u00e0 la route et \u00e0 des contre-la-montre ensemble!<\/span><\/p>\n<p style=\"text-align: left;\"><strong><span style=\"text-decoration: underline;\">En savoir plus<\/span><\/strong><\/p>[\/et_pb_blurb][et_pb_blurb title=\u00a0\u00bbVisites guid\u00e9es\u00a0\u00bb image=\u00a0\u00bbhttps:\/\/final6.ch\/wp-content\/uploads\/2023\/12\/Image-VTT-1.jpeg\u00a0\u00bb module_class=\u00a0\u00bbservice-cards\u00a0\u00bb _builder_version=\u00a0\u00bb4.22.0&Prime; _dynamic_attributes=\u00a0\u00bblink_option_url\u00a0\u00bb _module_preset=\u00a0\u00bbdefault\u00a0\u00bb header_level=\u00a0\u00bbh3&Prime; header_text_align=\u00a0\u00bbleft\u00a0\u00bb header_text_color=\u00a0\u00bbgcid-f2e8ad1b-fd9b-4f08-be8a-b223dc31a158&Prime; body_text_color=\u00a0\u00bbgcid-f2e8ad1b-fd9b-4f08-be8a-b223dc31a158&Prime; background_color=\u00a0\u00bbgcid-2e1a5f1c-16dd-460e-a2f3-862923a2dece\u00a0\u00bb height=\u00a0\u00bb700px\u00a0\u00bb custom_padding=\u00a0\u00bb||||false|false\u00a0\u00bb link_option_url=\u00a0\u00bb@ET-DC@eyJkeW5hbWljIjp0cnVlLCJjb250ZW50IjoicG9zdF9saW5rX3VybF9wYWdlIiwic2V0dGluZ3MiOnsicG9zdF9pZCI6IjMwMzk5In19@\u00a0\u00bb global_colors_info=\u00a0\u00bb{%22gcid-2e1a5f1c-16dd-460e-a2f3-862923a2dece%22:%91%22background_color%22%93,%22gcid-f2e8ad1b-fd9b-4f08-be8a-b223dc31a158%22:%91%22header_text_color%22,%22body_text_color%22%93}\u00a0\u00bb]<p><strong>Embarquez dans une aventure cycliste: cr\u00e9ez des souvenirs avec Final6!<\/strong><\/p>\n<p>\u00cates-vous pr\u00eat \u00e0 p\u00e9daler \u00e0 travers des paysages pittoresques et \u00e0 cr\u00e9er des souvenirs inoubliables sur deux roues? Bienvenue \u00e0 Final6, o\u00f9 nous nous sp\u00e9cialisons dans la cr\u00e9ation de visites guid\u00e9es un jour qui m\u00e9langent la joie de rouler avec le frisson de l&rsquo;exploration.<\/p>\n<p><span>Que vous soyez un voyageur en solo, un groupe d&rsquo;amis faim d&rsquo;aventure ou d&rsquo;une entreprise \u00e0 la recherche d&rsquo;un \u00e9v\u00e9nement d&rsquo;\u00e9quipe, Final6 vous invite \u00e0 monter, explorer et cr\u00e9er des souvenirs qui dureront toute une vie<\/span><\/p>\n<p style=\"text-align: left;\"><strong><span style=\"text-decoration: underline;\">En savoir plus<\/span><\/strong><\/p>[\/et_pb_blurb][\/et_pb_column][et_pb_column type=\u00a0\u00bb1_3&Prime; _builder_version=\u00a0\u00bb4.19.2&Prime; _module_preset=\u00a0\u00bbdefault\u00a0\u00bb global_colors_info=\u00a0\u00bb{}\u00a0\u00bb][et_pb_blurb title=\u00a0\u00bbCours de comp\u00e9tences en cyclocross\u00a0\u00bb image=\u00a0\u00bbhttps:\/\/final6.ch\/wp-content\/uploads\/2023\/12\/Cyclocross.jpeg\u00a0\u00bb module_class=\u00a0\u00bbservice-cards\u00a0\u00bb _builder_version=\u00a0\u00bb4.22.0&Prime; _dynamic_attributes=\u00a0\u00bblink_option_url\u00a0\u00bb _module_preset=\u00a0\u00bbdefault\u00a0\u00bb header_level=\u00a0\u00bbh3&Prime; header_text_align=\u00a0\u00bbleft\u00a0\u00bb header_text_color=\u00a0\u00bbgcid-f2e8ad1b-fd9b-4f08-be8a-b223dc31a158&Prime; body_text_color=\u00a0\u00bbgcid-f2e8ad1b-fd9b-4f08-be8a-b223dc31a158&Prime; background_color=\u00a0\u00bbgcid-2e1a5f1c-16dd-460e-a2f3-862923a2dece\u00a0\u00bb height=\u00a0\u00bb700px\u00a0\u00bb custom_padding=\u00a0\u00bb||||false|false\u00a0\u00bb link_option_url=\u00a0\u00bb@ET-DC@eyJkeW5hbWljIjp0cnVlLCJjb250ZW50IjoicG9zdF9saW5rX3VybF9wYWdlIiwic2V0dGluZ3MiOnsicG9zdF9pZCI6IjMwMzkyIn19@\u00a0\u00bb global_colors_info=\u00a0\u00bb{%22gcid-2e1a5f1c-16dd-460e-a2f3-862923a2dece%22:%91%22background_color%22%93,%22gcid-f2e8ad1b-fd9b-4f08-be8a-b223dc31a158%22:%91%22header_text_color%22,%22body_text_color%22%93}\u00a0\u00bb]<p>Lib\u00e9rez votre potentiel de cyclocross avec Final6.<\/p>\n<p><span>Notre entra\u00eeneur du cyclocross est l\u00e0 pour vous guider \u00e0 travers chaque tournure, virage et obstacle, vous aidant \u00e0 devenir un cyclocross confiant et qualifi\u00e9. <\/span><\/p>\n<p><span>Pr\u00e9parez-vous \u00e0 l&rsquo;excitation, conqu\u00e9rir les obstacles en toute confiance et devenir le cyclocross que vous avez toujours aspir\u00e9 \u00e0 \u00eatre avec Final6. <\/span><\/p>\n<p><span>Passons au cyclocross le cours de cyclocross ensemble.<\/span><\/p>\n<p style=\"text-align: left;\"><strong><span style=\"text-decoration: underline;\">En savoir plus<\/span><\/strong><\/p>[\/et_pb_blurb][et_pb_blurb title=\u00a0\u00bbCoaching priv\u00e9\u00a0\u00bb image=\u00a0\u00bbhttps:\/\/final6.ch\/wp-content\/uploads\/2023\/12\/private-coaching.jpeg\u00a0\u00bb module_class=\u00a0\u00bbservice-cards\u00a0\u00bb _builder_version=\u00a0\u00bb4.22.0&Prime; _dynamic_attributes=\u00a0\u00bblink_option_url\u00a0\u00bb _module_preset=\u00a0\u00bbdefault\u00a0\u00bb header_level=\u00a0\u00bbh3&Prime; header_text_align=\u00a0\u00bbleft\u00a0\u00bb header_text_color=\u00a0\u00bbgcid-f2e8ad1b-fd9b-4f08-be8a-b223dc31a158&Prime; body_text_color=\u00a0\u00bbgcid-f2e8ad1b-fd9b-4f08-be8a-b223dc31a158&Prime; background_color=\u00a0\u00bb#ff0000&Prime; height=\u00a0\u00bb700px\u00a0\u00bb custom_padding=\u00a0\u00bb||||false|false\u00a0\u00bb link_option_url=\u00a0\u00bb@ET-DC@eyJkeW5hbWljIjp0cnVlLCJjb250ZW50IjoicG9zdF9saW5rX3VybF9wYWdlIiwic2V0dGluZ3MiOnsicG9zdF9pZCI6IjMwNDAxIn19@\u00a0\u00bb global_colors_info=\u00a0\u00bb{%22gcid-f2e8ad1b-fd9b-4f08-be8a-b223dc31a158%22:%91%22header_text_color%22,%22body_text_color%22%93}\u00a0\u00bb]<p>Lib\u00e9rez votre potentiel de cyclisme complet: \u00e9levez votre trajet avec un coaching personnalis\u00e9 de Final6.<\/p>\n<p>\u00cates-vous pr\u00eat \u00e0 transformer votre exp\u00e9rience de cyclisme, \u00e0 conqu\u00e9rir vos objectifs et \u00e0 rouler \u00e0 votre plein potentiel? Bienvenue \u00e0 Final6, o\u00f9 nous nous sp\u00e9cialisons dans le coaching de cyclisme priv\u00e9 con\u00e7u exclusivement pour vous. Rejoignez-nous pour un voyage personnalis\u00e9 qui r\u00e9pond \u00e0 vos besoins, aspirations et r\u00eaves uniques sur la route, la piste ou la piste.<\/p>\n<p><span>Continons \u00e0 des performances de pointe ensemble!<\/span><\/p>\n<p style=\"text-align: left;\"><strong><span style=\"text-decoration: underline;\">En savoir plus<\/span><\/strong><\/p>[\/et_pb_blurb][\/et_pb_column][\/et_pb_row][\/et_pb_section]\n","protected":false},"excerpt":{"rendered":"<p>Nos servicesLib\u00e9rez votre potentiel de VTT avec Final6 Embarquez dans un voyage exaltant pour conqu\u00e9rir les sentiers et \u00e9lever vos comp\u00e9tences en VTT avec Final6. Pr\u00e9parez-vous pour une aventure passionnante, conqu\u00e9rir les terrains difficiles et devenir le motard que vous aspirez toujours \u00e0 \u00eatre avec final6. Passons aux sentiers ensemble. En savoir plusLib\u00e9rez votre potentiel [&hellip;]<\/p>\n","protected":false},"author":1,"featured_media":0,"parent":0,"menu_order":0,"comment_status":"closed","ping_status":"closed","template":"","meta":{"_acf_changed":false,"_et_pb_use_builder":"on","_et_pb_old_content":"","_et_gb_content_width":"","footnotes":""},"class_list":["post-31493","page","type-page","status-publish","hentry"],"acf":[],"_links":{"self":[{"href":"https:\/\/final6.ch\/fr\/wp-json\/wp\/v2\/pages\/31493","targetHints":{"allow":["GET"]}}],"collection":[{"href":"https:\/\/final6.ch\/fr\/wp-json\/wp\/v2\/pages"}],"about":[{"href":"https:\/\/final6.ch\/fr\/wp-json\/wp\/v2\/types\/page"}],"author":[{"embeddable":true,"href":"https:\/\/final6.ch\/fr\/wp-json\/wp\/v2\/users\/1"}],"replies":[{"embeddable":true,"href":"https:\/\/final6.ch\/fr\/wp-json\/wp\/v2\/comments?post=31493"}],"version-history":[{"count":1,"href":"https:\/\/final6.ch\/fr\/wp-json\/wp\/v2\/pages\/31493\/revisions"}],"predecessor-version":[{"id":31494,"href":"https:\/\/final6.ch\/fr\/wp-json\/wp\/v2\/pages\/31493\/revisions\/31494"}],"wp:attachment":[{"href":"https:\/\/final6.ch\/fr\/wp-json\/wp\/v2\/media?parent=31493"}],"curies":[{"name":"wp","href":"https:\/\/api.w.org\/{rel}","templated":true}]}}