{"id":31476,"date":"2023-01-12T07:11:28","date_gmt":"2023-01-12T06:11:28","guid":{"rendered":"https:\/\/final6.ch\/politique-de-confidentialite\/"},"modified":"2024-03-26T13:05:15","modified_gmt":"2024-03-26T12:05:15","slug":"politique-de-confidentialite","status":"publish","type":"page","link":"https:\/\/final6.ch\/fr\/politique-de-confidentialite\/","title":{"rendered":"politique de confidentialit\u00e9"},"content":{"rendered":"<p>[et_pb_section fb_built=\u00a0\u00bb1&Prime; admin_label=\u00a0\u00bbsection\u00a0\u00bb _builder_version=\u00a0\u00bb4.16&Prime; global_colors_info=\u00a0\u00bb{}\u00a0\u00bb][et_pb_row admin_label=\u00a0\u00bbrow\u00a0\u00bb _builder_version=\u00a0\u00bb4.16&Prime; background_size=\u00a0\u00bbinitial\u00a0\u00bb background_position=\u00a0\u00bbtop_left\u00a0\u00bb background_repeat=\u00a0\u00bbrepeat\u00a0\u00bb global_colors_info=\u00a0\u00bb{}\u00a0\u00bb][et_pb_column type=\u00a0\u00bb4_4&Prime; _builder_version=\u00a0\u00bb4.16&Prime; custom_padding=\u00a0\u00bb|||\u00a0\u00bb global_colors_info=\u00a0\u00bb{}\u00a0\u00bb custom_padding__hover=\u00a0\u00bb|||\u00a0\u00bb][et_pb_text admin_label=\u00a0\u00bbText\u00a0\u00bb _builder_version=\u00a0\u00bb4.24.2&Prime; background_size=\u00a0\u00bbinitial\u00a0\u00bb background_position=\u00a0\u00bbtop_left\u00a0\u00bb background_repeat=\u00a0\u00bbrepeat\u00a0\u00bb hover_enabled=\u00a0\u00bb0&Prime; global_colors_info=\u00a0\u00bb{}\u00a0\u00bb sticky_enabled=\u00a0\u00bb0&Prime;]<\/p>\n<p><!-- divi:heading --><\/p>\n<h1 style=\"text-align: center;\">politique de confidentialit\u00e9<\/h1>\n<h2>politique de confidentialit\u00e9<\/h2>\n<p>Cet avis de confidentialit\u00e9 est une source d&rsquo;informations qui explique comment nous, Final6, traitons vos donn\u00e9es personnelles en utilisant ce site Web ou d&rsquo;autres moyens, y compris toutes les donn\u00e9es que vous pouvez fournir via ce site Web lorsque vous entrez un <span>cours \/ tour<\/span> ou interagissez autrement avec nous.<\/p>\n<p>Le traitement est un terme large et comprend (entre autres) la collecte, l&rsquo;enregistrement, le stockage, la modification, la r\u00e9vision, l&rsquo;utilisation et la suppression des donn\u00e9es personnelles.<\/p>\n<p>Les donn\u00e9es personnelles concernent une personne vivante qui peut \u00eatre identifi\u00e9e \u00e0 partir de ces donn\u00e9es. L&rsquo;identification peut \u00eatre conforme aux informations seules ou en conjonction avec toute autre information en notre possession ou susceptible de prendre une telle possession. Le traitement des donn\u00e9es personnelles est r\u00e9gi par le r\u00e8glement g\u00e9n\u00e9ral sur la protection des donn\u00e9es (GDPR).<\/p>\n<h2><\/h2>\n<h2>QUI NOUS SOMMES?<\/h2>\n<p>Final6 est une association enregistr\u00e9e.<\/p>\n<p>Address: Rue du Noux 10. 1439 Rances. Vaud. Switzerland<\/p>\n<p>Tel: + 41 76 365 1104<\/p>\n<p>Email: info@final6.ch<\/p>\n<p>Our website address is: https:\/\/Final6.ch.<\/p>\n<p>&nbsp;<\/p>\n<p><!-- \/divi:paragraph --><!-- divi:heading --><\/p>\n<h2>Informations collect\u00e9es par Final6<\/h2>\n<p>Si vous vous \u00eates inscrit aupr\u00e8s de nous ou inscrit pour un cours \/ tourn\u00e9e, nous aurons votre nom, votre adresse e-mail, votre num\u00e9ro de t\u00e9l\u00e9phone, votre adresse postale et la m\u00e9thode avec laquelle vous avez choisi pour effectuer votre achat. Nous recueillons \u00e9galement des informations sur la question de savoir si vous souhaitez entendre nos sponsors, nos partenaires caritatifs ou si l&rsquo;achat de marchandises.<\/p>\n<p>De plus, nos serveurs, journaux et autres technologies collectent automatiquement certaines informations (voir ci-dessous) pour nous aider \u00e0 administrer, prot\u00e9ger et am\u00e9liorer nos services; Analyser l&rsquo;utilisation et am\u00e9liorer l&rsquo;exp\u00e9rience des utilisateurs. Nous partageons des informations personnelles avec d&rsquo;autres uniquement comme d\u00e9crit dans cette politique, ou lorsque nous pensons que la loi le permet ou l&rsquo;exige.<\/p>\n<h2>Cookies et informations sur l&rsquo;appareil<\/h2>\n<p>Cookies: Nous pouvons utiliser des cookies et d&rsquo;autres technologies telles que des balises Web, un stockage Web et des identifiants publicitaires uniques pour collecter des informations sur votre activit\u00e9, votre navigateur ou votre appareil. Ces donn\u00e9es nous aident \u00e0 cr\u00e9er un profil de nos utilisateurs. Certaines de ces donn\u00e9es seront agr\u00e9g\u00e9es ou statistiques, ce qui signifie que nous ne pourrons pas vous identifier individuellement. Si vous pr\u00e9f\u00e9rez, vous pouvez supprimer ou rejeter les cookies du navigateur via les param\u00e8tres de votre navigateur ou de votre appareil. Cependant, le rejet ou la suppression des cookies pourrait affecter la disponibilit\u00e9 et la fonctionnalit\u00e9 de nos services.<\/p>\n<p>Informations sur l&rsquo;appareil: Nous pouvons \u00e9galement collecter des informations sur votre appareil chaque fois que vous utilisez notre site. Si vous avez un compte avec nous, nous pouvons collecter des informations aupr\u00e8s des ordinateurs, des t\u00e9l\u00e9phones ou d&rsquo;autres appareils o\u00f9 vous vous connectez \u00e0 nos services. Nous pouvons associer les informations que nous collectons aupr\u00e8s de vos diff\u00e9rents appareils, ce qui nous aide \u00e0 fournir des services coh\u00e9rents sur vos appareils. Voici quelques exemples des informations de l&rsquo;appareil que nous collectons:<\/p>\n<ul>\n<li>Attributs tels que le syst\u00e8me d&rsquo;exploitation et la version mat\u00e9rielle<\/li>\n<li>Type de navigateur et adresse IP<\/li>\n<\/ul>\n<p>Informations sur le journal: nous collectons \u00e9galement les informations du journal lorsque vous utilisez notre site Web, notamment:<\/p>\n<ul>\n<li>D\u00e9tails sur la fa\u00e7on dont vous vous \u00eates engag\u00e9 avec nous<\/li>\n<li>Informations sur l&rsquo;appareil, telles que le type et la langue du navigateur Web<\/li>\n<li>Heures d&rsquo;acc\u00e8s<\/li>\n<li>Pages visionn\u00e9es<\/li>\n<li>IP address<\/li>\n<li>Identificateurs associ\u00e9s aux cookies ou \u00e0 d&rsquo;autres technologies qui peuvent identifier de mani\u00e8re unique votre appareil ou votre navigateur<\/li>\n<li>Pages que vous visitez avant ou apr\u00e8s la navigation sur notre site Web<\/li>\n<\/ul>\n<p>&nbsp;<\/p>\n<p><span style=\"color: #ff0000; font-size: 26px; font-weight: bold;\">COMMENT UTILISONS-NOUS VOS INFORMATIONS PERSONNELLES<\/span><\/p>\n<table border=\"2\" style=\"height: 384px; width: 100%; border-collapse: collapse; border-style: solid; margin-left: auto; margin-right: auto;\">\n<tbody>\n<tr style=\"height: 24px;\">\n<td style=\"width: 33.3333%; height: 24px;\"><strong>Cat\u00e9gorie de donn\u00e9es personnelles<\/strong><\/td>\n<td style=\"width: 33.3333%; height: 24px;\"><strong>But du traitement<\/strong><\/td>\n<td style=\"width: 33.3333%; height: 24px;\"><strong>Base juridique en vertu du GDPR<\/strong><\/td>\n<\/tr>\n<tr style=\"height: 48px;\">\n<td style=\"width: 33.3333%; height: 48px;\">Nom et coordonn\u00e9es<\/td>\n<td style=\"width: 33.3333%; height: 48px;\">Traitement des cours \/ visites<\/td>\n<td style=\"width: 33.3333%; height: 48px;\">Performance du contrat. Int\u00e9r\u00eats l\u00e9gitimes<\/td>\n<\/tr>\n<tr style=\"height: 48px;\">\n<td style=\"width: 33.3333%; height: 48px;\"><\/td>\n<td style=\"width: 33.3333%; height: 48px;\">Vous envoyer un message par e-mail ou un SMS tel que les mises \u00e0 jour de cours \/ tour<\/td>\n<td style=\"width: 33.3333%; height: 48px;\">Performance du contrat. Int\u00e9r\u00eats l\u00e9gitimes<\/td>\n<\/tr>\n<tr style=\"height: 48px;\">\n<td style=\"width: 33.3333%; height: 48px;\"><\/td>\n<td style=\"width: 33.3333%; height: 48px;\">Envoyez-vous des informations par e-mail ou publiez des actualit\u00e9s de cours \/ tour<\/td>\n<td style=\"width: 33.3333%; height: 48px;\">Consentement<\/td>\n<\/tr>\n<tr style=\"height: 24px;\">\n<td style=\"width: 33.3333%; height: 24px;\"><\/td>\n<td style=\"width: 33.3333%; height: 24px;\">Pr\u00e9vention et d\u00e9tection de la fraude<\/td>\n<td style=\"width: 33.3333%; height: 24px;\">Obligation l\u00e9gale<\/td>\n<\/tr>\n<tr style=\"height: 48px;\">\n<td style=\"width: 33.3333%; height: 48px;\">Informations sur le paiement (nous ne stockons pas ces informations)<\/td>\n<td style=\"width: 33.3333%; height: 48px;\">Prendre le paiement et faire des remboursements<\/td>\n<td style=\"width: 33.3333%; height: 48px;\">Performance d&rsquo;un contrat<\/td>\n<\/tr>\n<tr style=\"height: 24px;\">\n<td style=\"width: 33.3333%; height: 24px;\"><\/td>\n<td style=\"width: 33.3333%; height: 24px;\">Pr\u00e9vention et d\u00e9tection de la fraude<\/td>\n<td style=\"width: 33.3333%; height: 24px;\">Obligation l\u00e9gale<\/td>\n<\/tr>\n<tr style=\"height: 48px;\">\n<td style=\"width: 33.3333%; height: 48px;\">Contactez l&rsquo;historique avec Final6, y compris, mais sans s&rsquo;y limiter, un e-mail, un t\u00e9l\u00e9phone<\/td>\n<td style=\"width: 33.3333%; height: 48px;\">Fournir un service client et un support<\/td>\n<td style=\"width: 33.3333%; height: 48px;\">Performance d&rsquo;un contrat. Int\u00e9r\u00eats l\u00e9gitimes<\/td>\n<\/tr>\n<tr style=\"height: 24px;\">\n<td style=\"width: 33.3333%; height: 24px;\"><\/td>\n<td style=\"width: 33.3333%; height: 24px;\">Former notre personnel<\/td>\n<td style=\"width: 33.3333%; height: 24px;\">Int\u00e9r\u00eats l\u00e9gitimes<\/td>\n<\/tr>\n<tr style=\"height: 24px;\">\n<td style=\"width: 33.3333%; height: 24px;\">Informations sur votre t\u00e9l\u00e9phone ou votre ordinateur portable et comment vous utilisez notre site Web<\/td>\n<td style=\"width: 33.3333%; height: 24px;\">Pour am\u00e9liorer notre site Web<\/td>\n<td style=\"width: 33.3333%; height: 24px;\">Int\u00e9r\u00eats l\u00e9gitimes<\/td>\n<\/tr>\n<tr style=\"height: 24px;\">\n<td style=\"width: 33.3333%; height: 24px;\"><\/td>\n<td style=\"width: 33.3333%; height: 24px;\">Pr\u00e9vention et d\u00e9tection de la fraude<\/td>\n<td style=\"width: 33.3333%; height: 24px;\">Obligation l\u00e9gale<\/td>\n<\/tr>\n<\/tbody>\n<\/table>\n<h2>Avec qui nous partageons vos donn\u00e9es<\/h2>\n<p>Nous partageons vos donn\u00e9es avec les cat\u00e9gories d&rsquo;entreprises suivantes dans le cadre d&rsquo;un \u00e9l\u00e9ment essentiel de la possibilit\u00e9 de vous fournir nos services:<\/p>\n<ul>\n<li>Les entreprises qui traitent votre calendrier et votre enregistrement, les fournisseurs de services de paiement, la soci\u00e9t\u00e9 de marchandises si vous cr\u00e9ez des soci\u00e9t\u00e9s d&rsquo;achat et de livraison<\/li>\n<li>Les informations m\u00e9dicales seront partag\u00e9es avec nos fournisseurs de s\u00e9curit\u00e9 si n\u00e9cessaire<\/li>\n<li>Des fournisseurs de services professionnels, tels que des agences de marketing, des partenaires publicitaires et des h\u00f4tes de site Web qui nous aident \u00e0 g\u00e9rer notre entreprise<\/li>\n<li>Agences de r\u00e9f\u00e9rence de cr\u00e9dit, agences d&rsquo;application de la loi et de pr\u00e9vention de la fraude, nous pouvons donc aider \u00e0 lutter contre la fraude<\/li>\n<li>Les entreprises approuv\u00e9es par vous, comme les sites de m\u00e9dias sociaux<\/li>\n<\/ul>\n<p>Nous ne partagerons pas vos informations personnelles avec un autre tiers.<\/p>\n<p>&nbsp;<\/p>\n<p><span style=\"color: #ff0000; font-size: 26px; font-weight: bold;\">Combien de temps nous conservons vos donn\u00e9es<\/span><\/p>\n<p>Nous conserverons vos informations pendant aussi longtemps pour \u00eatre en mesure de vous fournir le service et de maintenir les dossiers transactionnels de notre entreprise, ou lorsque vous avez donn\u00e9 son consentement \u00e0 vous contacter avec des offres et d&rsquo;autres fins de marketing, jusqu&rsquo;\u00e0 ce que vous nous en aviez inform\u00e9 le contraire.<\/p>\n<p>S&rsquo;il est raisonnablement n\u00e9cessaire ou requis pour r\u00e9pondre aux exigences l\u00e9gales ou r\u00e9glementaires, r\u00e9soudre les litiges, pr\u00e9venir la fraude et les abus, ou appliquer nos termes et conditions, nous pouvons \u00e9galement garder la main service \u00e0 vous.<\/p>\n<p>&nbsp;<\/p>\n<p><!-- \/divi:paragraph --><!-- divi:heading --><\/p>\n<h2>Quels droits vous avez sur vos donn\u00e9es<\/h2>\n<p>Vous avez les droits suivants par rapport \u00e0 notre traitement de vos donn\u00e9es personnelles:<\/p>\n<ul>\n<li><strong>Droit d&rsquo;\u00eatre inform\u00e9<\/strong><\/li>\n<\/ul>\n<p>Vous avez le droit d&rsquo;\u00eatre inform\u00e9 de la fa\u00e7on dont vos donn\u00e9es personnelles sont utilis\u00e9es &#8211; j&rsquo;esp\u00e8re que cet avis de confidentialit\u00e9 explique tout.<\/p>\n<ul>\n<li><strong>Droit d&rsquo;acc\u00e8s<\/strong><\/li>\n<\/ul>\n<p>Vous avez le droit d&rsquo;acc\u00e9der aux donn\u00e9es personnelles que nous tenons sur vous, ce qui vous permet de conna\u00eetre et de v\u00e9rifier la l\u00e9galit\u00e9 du traitement.<\/p>\n<ul>\n<li><strong>Droit \u00e0 la rectification<\/strong><\/li>\n<\/ul>\n<p>Vous avez le droit d&rsquo;avoir des donn\u00e9es personnelles corrig\u00e9es si elles sont inexactes, obsol\u00e8tes ou incompl\u00e8tes.<\/p>\n<ul>\n<li><strong>Droit \u00e0 l&rsquo;effacement<\/strong><\/li>\n<\/ul>\n<p>Vous avez le droit dans certaines circonstances d&rsquo;avoir effac\u00e9 les donn\u00e9es personnelles, \u00e9galement connu sous le nom de \u00abdroit \u00e0 \u00eatre oubli\u00e9\u00bb.<\/p>\n<ul>\n<li><strong>Droit de restreindre le traitement<\/strong><\/li>\n<\/ul>\n<p>Vous avez le droit de demander la restriction de vos donn\u00e9es personnelles dans certaines circonstances. Lorsque le traitement est restreint, nous sommes autoris\u00e9s \u00e0 stocker les donn\u00e9es personnelles, mais pas \u00e0 les utiliser.<\/p>\n<ul>\n<li><strong>Droit de s&rsquo;opposer<\/strong><\/li>\n<\/ul>\n<p>Vous avez le droit de vous opposer \u00e0 tout traitement des donn\u00e9es personnelles qui est bas\u00e9 sur des int\u00e9r\u00eats l\u00e9gitimes du contr\u00f4leur ou des int\u00e9r\u00eats publics, sauf s&rsquo;il existe des motifs l\u00e9gitimes de traitement qui sont suffisants pour outre vos int\u00e9r\u00eats, droits et libert\u00e9s ou le traitement est pour l&rsquo;\u00e9tablissement , exercice ou d\u00e9fense des r\u00e9clamations juridiques.<\/p>\n<ul>\n<li><strong>Droit \u00e0 la portabilit\u00e9 des donn\u00e9es<\/strong><\/li>\n<\/ul>\n<p>Vous avez le droit de demander que, dans le cas des donn\u00e9es automatis\u00e9es uniquement, si possible, nous transf\u00e9rons des \u00e9l\u00e9ments de vos donn\u00e9es personnelles vers un autre contr\u00f4leur de donn\u00e9es.<\/p>\n<ul>\n<li><strong>Droit \u00e0 la prise de d\u00e9cision et au profilage automatis\u00e9s<\/strong><\/li>\n<\/ul>\n<p>Vous avez le droit de ne pas \u00eatre soumis \u00e0 des d\u00e9cisions bas\u00e9es uniquement sur le traitement automatis\u00e9.<\/p>\n<p>Pour plus d&rsquo;informations sur chacun de ces droits, y compris les circonstances dans lesquelles ils s&rsquo;appliquent, veuillez vous r\u00e9f\u00e9rer au site Web f\u00e9d\u00e9ral de protection des donn\u00e9es et du commissaire \u00e0 l&rsquo;information (FDPIC) <a href=\"http:\/\/www.ico.org.uk\">www.edoeb.admin\/edoeb\/en\/home.html<\/a><\/p>\n<p>Si vous souhaitez exercer l&rsquo;un des droits ci-dessus, vous pouvez nous demander verbalement, par e-mail ou par \u00e9crit. On vous demandera des informations pour vous identifier en montrant votre nom et votre adresse. Les informations seront fournies par nous dans le mois suivant la demande. Nous pouvons prolonger la p\u00e9riode de conformit\u00e9 de deux mois suppl\u00e9mentaires o\u00f9 les demandes sont complexes ou nombreuses. Si tel est le cas, nous vous informerons dans le mois suivant la r\u00e9ception de la demande et expliquez pourquoi la prolongation est n\u00e9cessaire.<\/p>\n<p>Vous avez le droit de d\u00e9poser une plainte aupr\u00e8s du Bureau du commissaire \u00e0 l&rsquo;information (ICO) si vous pensez qu&rsquo;une partie du traitement de vos donn\u00e9es personnelles n&rsquo;a pas \u00e9t\u00e9 g\u00e9r\u00e9e conform\u00e9ment au GDPR.<\/p>\n<p>&nbsp;<\/p>\n<p><span style=\"color: #ff0000; font-size: 26px; font-weight: bold;\">O\u00f9 vos donn\u00e9es sont envoy\u00e9es?<\/span><\/p>\n<p>Les donn\u00e9es personnelles peuvent \u00eatre transf\u00e9r\u00e9es en dehors de l&rsquo;EEE, cependant chaque fois que ce sera le cas, nous nous assurerons qu&rsquo;un degr\u00e9 de protection similaire y est attach\u00e9 en garantissant qu&rsquo;au moins une des garanties suivantes est mise en \u0153uvre:<\/p>\n<ul>\n<li>Nous ne transf\u00e9rerons vos donn\u00e9es personnelles que vers des pays qui ont \u00e9t\u00e9 r\u00e9put\u00e9s fournir un niveau de protection ad\u00e9quat pour les donn\u00e9es personnelles par la Commission europ\u00e9enne.<\/li>\n<li>Lorsque nous utilisons certains prestataires de services, nous pouvons utiliser des pays sp\u00e9cifiques approuv\u00e9s par la Commission europ\u00e9enne qui offrent aux donn\u00e9es personnelles la m\u00eame protection qu&rsquo;elle a en Europe.<\/li>\n<li>Lorsque nous utilisons des fournisseurs de services bas\u00e9s aux \u00c9tats-Unis, nous pouvons leur transf\u00e9rer des donn\u00e9es s&rsquo;ils font partie du bouclier de confidentialit\u00e9 qui les oblige \u00e0 fournir une protection similaire aux donn\u00e9es personnelles partag\u00e9es entre l&rsquo;Europe et les \u00c9tats-Unis.<\/li>\n<\/ul>\n<h2><\/h2>\n<h2><\/h2>\n<h2>Garder vos donn\u00e9es personnelles s\u00e9curis\u00e9es<\/h2>\n<p>Nous prenons votre vie priv\u00e9e tr\u00e8s au s\u00e9rieux et nous respectons nos obligations en vertu du RGPD en mettant \u00e0 jour les donn\u00e9es personnelles; en le stockant et en le d\u00e9truisant en toute s\u00e9curit\u00e9; en ne collectant ni en conservant des quantit\u00e9s excessives de donn\u00e9es; En prot\u00e9geant les donn\u00e9es personnelles contre la perte, l&rsquo;utilisation abusive, l&rsquo;acc\u00e8s et la divulgation non autoris\u00e9s et en garantissant que des mesures de s\u00e9curit\u00e9 appropri\u00e9es sont en place pour prot\u00e9ger les donn\u00e9es personnelles.<\/p>\n<p>Nous limitons l&rsquo;acc\u00e8s \u00e0 vos donn\u00e9es personnelles \u00e0 ceux qui ont une v\u00e9ritable entreprise dont il faut le savoir. Ceux qui traitent vos informations ne le feront que de mani\u00e8re autoris\u00e9e et ne sont soumis \u00e0 un devoir de confidentialit\u00e9. Nous avons \u00e9galement des proc\u00e9dures en place pour faire face \u00e0 toute violation pr\u00e9sum\u00e9e de s\u00e9curit\u00e9 des donn\u00e9es lorsque nous sommes l\u00e9galement tenus de le faire.<\/p>\n<p><strong><\/strong><\/p>\n<h2><strong>Mise \u00e0 jour de cet avis de confidentialit\u00e9<\/strong><\/h2>\n<p>Nous examinerons r\u00e9guli\u00e8rement et, si n\u00e9cessaire, mettrons \u00e0 jour les informations de confidentialit\u00e9 dans cet avis de confidentialit\u00e9. Derni\u00e8re revue 02.02.2024<\/p>\n<p>&nbsp;<\/p>\n<p>&nbsp;<\/p>\n<p>&nbsp;<\/p>\n<p>&nbsp;<\/p>\n<p>&nbsp;<\/p>\n<p>&nbsp;<\/p>\n<p>&nbsp;<\/p>\n<p>&nbsp;<\/p>\n<p>&nbsp;<\/p>\n<p>&nbsp;<\/p>\n<p>&nbsp;<\/p>\n<p>&nbsp;<\/p>\n<p>&nbsp;<\/p>\n<p>&nbsp;<\/p>\n<p>&nbsp;<\/p>\n<p>&nbsp;<\/p>\n<p>&nbsp;<\/p>\n<p>&nbsp;<\/p>\n<p>&nbsp;<\/p>\n<p>&nbsp;<\/p>\n<p><!-- \/divi:paragraph --><\/p>\n<p>[\/et_pb_text][\/et_pb_column][\/et_pb_row][\/et_pb_section]<\/p>\n","protected":false},"excerpt":{"rendered":"<p>politique de confidentialit\u00e9 politique de confidentialit\u00e9 Cet avis de confidentialit\u00e9 est une source d&rsquo;informations qui explique comment nous, Final6, traitons vos donn\u00e9es personnelles en utilisant ce site Web ou d&rsquo;autres moyens, y compris toutes les donn\u00e9es que vous pouvez fournir via ce site Web lorsque vous entrez un cours \/ tour ou interagissez autrement avec [&hellip;]<\/p>\n","protected":false},"author":1,"featured_media":0,"parent":0,"menu_order":0,"comment_status":"closed","ping_status":"open","template":"","meta":{"_acf_changed":false,"_et_pb_use_builder":"on","_et_pb_old_content":"","_et_gb_content_width":"","footnotes":""},"class_list":["post-31476","page","type-page","status-publish","hentry"],"acf":[],"_links":{"self":[{"href":"https:\/\/final6.ch\/fr\/wp-json\/wp\/v2\/pages\/31476","targetHints":{"allow":["GET"]}}],"collection":[{"href":"https:\/\/final6.ch\/fr\/wp-json\/wp\/v2\/pages"}],"about":[{"href":"https:\/\/final6.ch\/fr\/wp-json\/wp\/v2\/types\/page"}],"author":[{"embeddable":true,"href":"https:\/\/final6.ch\/fr\/wp-json\/wp\/v2\/users\/1"}],"replies":[{"embeddable":true,"href":"https:\/\/final6.ch\/fr\/wp-json\/wp\/v2\/comments?post=31476"}],"version-history":[{"count":2,"href":"https:\/\/final6.ch\/fr\/wp-json\/wp\/v2\/pages\/31476\/revisions"}],"predecessor-version":[{"id":31478,"href":"https:\/\/final6.ch\/fr\/wp-json\/wp\/v2\/pages\/31476\/revisions\/31478"}],"wp:attachment":[{"href":"https:\/\/final6.ch\/fr\/wp-json\/wp\/v2\/media?parent=31476"}],"curies":[{"name":"wp","href":"https:\/\/api.w.org\/{rel}","templated":true}]}}